{"id":5883,"date":"2025-11-04T10:39:58","date_gmt":"2025-11-04T09:39:58","guid":{"rendered":"https:\/\/quotas.de\/en\/?page_id=5883"},"modified":"2025-11-04T12:19:05","modified_gmt":"2025-11-04T11:19:05","slug":"ma-amis","status":"publish","type":"page","link":"https:\/\/quotas.de\/en\/ma-amis\/","title":{"rendered":"Poste Maroc 4011 Freunde"},"content":{"rendered":"<!-- load additional specific css -->\n<link rel=\"stylesheet\" href=\"https:\/\/quotas.de\/en\/wp-content\/plugins\/quotas-story\/modules\/landing-page-modules\/..\/..\/assets\/css\/hero.css\">\n<link rel=\"stylesheet\" href=\"https:\/\/quotas.de\/en\/wp-content\/plugins\/quotas-story\/modules\/landing-page-modules\/css\/firmen.css\">\n\n<div class=\"overlay hero landing-page firmen\">\n\n    <div class=\"top-row\">\n    <\/div> <!-- .row -->\n\n    <div class=\"opaque-bg col-md-offset-1 col-md-12\">\n        <div class=\"q-logo wide-screen\"><a href=\"https:\/\/quotas.de\"><img decoding=\"async\" src=\"https:\/\/quotas.de\/en\/wp-content\/plugins\/quotas-story\/modules\/landing-page-modules\/images\/q-logo-grey.png\" alt=\"Quotas-Logo\"><\/a><\/div>\n        <div class=\"q-logo mobile\"><a href=\"https:\/\/quotas.de\"><img decoding=\"async\" src=\"https:\/\/quotas.de\/en\/wp-content\/plugins\/quotas-story\/modules\/landing-page-modules\/..\/..\/assets\/images\/q-logo-mobile.svg\" alt=\"Quotas-Logo\"><\/a><\/div>\n\n        <div class=\"row\" id=\"title-row\">\n            <div class=\"story-title\">\n                Participez \u00e0 notre enqu\u00eate, profitez d'un bonus mensuel et contribuez \u00e0 am\u00e9liorer le service postal !            <\/div>\n        <\/div> <!-- .row #title-row -->\n\n        <div class=\"row content-row\">\n             <div class=\"story-content item-1\"><\/div>             <div class=\"story-content\">\n                <a href=#register-form class=\"btn btn-cta big-btn pull-left\" role=\"button\">Inscrivez-vous maintenant<\/a>\n            <\/div> <!-- .row -->\n        <\/div> <!-- .row #content-row -->\n\n    <\/div> <!-- .opaque-bg -->\n    <div class=\"row btn-row\">\n        <div class=\"-align-center\">\n<!--\n            <a href=\"#register-form\" class=\"btn btn-cta small-btn\" role=\"button\">s\u2018inscrire<\/a>\n-->\n        <\/div>\n    <\/div>\n\n<\/div> <!-- .overlay .hero -->\n\n\r\n\r\n\t<!-- load additional specific css -->\r\n\t<link rel=\"stylesheet\" href=\"https:\/\/quotas.de\/en\/wp-content\/plugins\/quotas-story\/modules\/..\/assets\/css\/basic.css\">\r\n\r\n\t<div class=\"overlay basic\">\r\n        <div class=\"row content-row\">\r\n            <div class=\"story-title\">\r\n\t\t        De quoi s\u2019agit-il ?            <\/div>\r\n\r\n             <div class=\"story-content item-1\">\n\r\n\r\n\r\n<p>Combien de jours s&#8217;\u00e9coulent-t-ils entre l&#8217;envoi et la r\u00e9ception d&#8217;une lettre envoy\u00e9e \u00e0 une adresse priv\u00e9e ou professionnelle ? Afin de pouvoir r\u00e9pondre \u00e0 cette question, <strong>nous nous r\u00e9jouirions de vous compter parmi nos participants<\/strong>. Notre enqu\u00eate postale \u00e9value le temps d\u2019acheminement des lettres, notamment le temps n\u00e9cessaire \u00e0 votre service postal national au Maroc pour distribuer vos lettres. Votre t\u00e2che consistera \u00e0 envoyer des lettres test (physiques) ou \u00e0 en recevoir de la part de nos autres participants marocains.<\/p>\r\n\r\n\r\n\r\n<div class=\"wp-block-group has-global-padding is-layout-constrained wp-block-group-is-layout-constrained\">\r\n<div class=\"wp-block-columns is-layout-flex wp-container-core-columns-is-layout-28f84493 wp-block-columns-is-layout-flex\">\r\n<div class=\"wp-block-column has-global-padding is-layout-constrained wp-block-column-is-layout-constrained\">\r\n<figure class=\"wp-block-image aligncenter size-full is-resized\"><img loading=\"lazy\" decoding=\"async\" width=\"108\" height=\"128\" src=\"https:\/\/quotas.de\/en\/wp-content\/uploads\/sites\/2\/2023\/08\/Poste-Maroc.png\" alt=\"\" class=\"wp-image-5341\" style=\"width:161px;height:auto\" \/><\/figure>\r\n<\/div>\r\n\r\n\r\n\r\n<div class=\"wp-block-column is-layout-flow wp-block-column-is-layout-flow\">\r\n<figure class=\"wp-block-image aligncenter size-full is-resized\"><img loading=\"lazy\" decoding=\"async\" width=\"349\" height=\"457\" src=\"https:\/\/quotas.de\/en\/wp-content\/uploads\/sites\/2\/2023\/08\/375-BM-MA.png\" alt=\"\" class=\"wp-image-5343\" style=\"width:149px;height:auto\" srcset=\"https:\/\/quotas.de\/en\/wp-content\/uploads\/sites\/2\/2023\/08\/375-BM-MA.png 349w, https:\/\/quotas.de\/en\/wp-content\/uploads\/sites\/2\/2023\/08\/375-BM-MA-229x300.png 229w\" sizes=\"auto, (max-width: 349px) 100vw, 349px\" \/><\/figure>\r\n<\/div>\r\n<\/div>\r\n<\/div>\r\n\r\n\r\n\r\n<h2 class=\"wp-block-heading\">Quelles sont les conditions de participation pour l&#8217;enqu\u00eate postale ?<\/h2>\r\n\r\n\r\n\r\n<ul class=\"wp-block-list\">\r\n<li>Vous utilisez une bo\u00eete aux lettres personnelle (ou une fente aux lettres) pour recevoir le courrier.<\/li>\r\n\r\n\r\n\r\n<li>Votre facteur \/ agent de poste d\u00e9pose directement votre courrier dans votre bo\u00eete aux lettres personnelle.<\/li>\r\n\r\n\r\n\r\n<li>Votre courrier contient des timbres et cachets de la poste, donc plus que les factures de l&#8217;eau\/l&#8217;\u00e9lectricit\u00e9.<\/li>\r\n\r\n\r\n\r\n<li>Votre adresse se trouve dans une r\u00e9gion g\u00e9ographique faisant partie de l\u2018enqu\u00eate.<\/li>\r\n<\/ul>\r\n\r\n\r\n\r\n<h2 class=\"wp-block-heading\">Pouvez-vous r\u00e9pondre \u00e0 l\u2018affirmatif aux questions suivantes ?<\/h2>\r\n\r\n\r\n\r\n<ul class=\"wp-block-list\">\r\n<li>J\u2019ai la possibilit\u00e9 d\u2019envoyer ou de recevoir des lettres (physiques) et de relever mon courrier tous les jours possibles de distribution.<\/li>\r\n\r\n\r\n\r\n<li>J\u2019ai acc\u00e8s r\u00e9gulier \u00e0 internet ou \u00e0 un t\u00e9l\u00e9phone portable.<\/li>\r\n\r\n\r\n\r\n<li>Je suis une personne fiable.<\/li>\r\n\r\n\r\n\r\n<li>J&#8217;ai envie de gagner quelques sous \u00e0 c\u00f4t\u00e9.<\/li>\r\n\r\n\r\n\r\n<li>Ou je connais quelqu\u2019un susceptible d\u2019\u00eatre interess\u00e9 par cette t\u00e2che.<\/li>\r\n<\/ul>\r\n\r\n\r\n<p><a style=\"color: white;text-decoration: none\" href=\"https:\/\/www.quotas-panel.com\/pdf\/PosteMaroc.pdf\"> Cliquez<span style=\"color: white\"> ici <\/span>pour lire la lettre de recommendation de notre client.<\/a><\/p>\r\n\r\n<\/div> \r\n        <\/div> <!-- .row #content-row -->\r\n        <div class=\"row btn-row\">\r\n            <a href=#register-form class=\"btn btn-cta big-btn\" role=\"button\">Inscrivez-vous maintenant<\/a>\r\n        <\/div> <!-- .row .btn-row -->\r\n    <\/div> <!-- .overlay -->\r\n\t\n\r\n\r\n\t<!-- load additional specific css -->\r\n\t<link rel=\"stylesheet\" href=\"https:\/\/quotas.de\/en\/wp-content\/plugins\/quotas-story\/modules\/..\/assets\/css\/process.css\">\r\n\r\n\t<div class=\"overlay process\">\r\n        <div class=\"row top-row\">\r\n        <\/div> <!-- .row -->\r\n        <div class=\"row content-row\">\r\n            <div>\r\n                <div class=\"story-title\">\r\n\t\t            Comment cela fonctionne                <\/div>\r\n\t            \n<div class=\"col-md-4\">\n\t\t\t\t\t\t\t\t<div class=\"card item-1\">\n\t\t\t\t\t\t\t\t\t<div class=\"card-number\">1<\/div>\n\t\t\t\t\t\t\t\t\t<div class=\"item-title\">s'inscrire<\/div>\n\t\t\t\t\t\t\t\t\t<div class=\"story-content\">Il ne vous faut que votre nom, votre adresse postale et l&#8217;adresse mail.<br \/>\n<\/div>\n\t\t\t\t\t\t\t\t<\/div>\n\t\t\t\t\t\t\t<\/div>\n<div class=\"col-md-4\">\n\t\t\t\t\t\t\t\t<div class=\"card item-2\">\n\t\t\t\t\t\t\t\t\t<div class=\"card-number\">2<\/div>\n\t\t\t\t\t\t\t\t\t<div class=\"item-title\">participer<\/div>\n\t\t\t\t\t\t\t\t\t<div class=\"story-content\">\nEnvoyer et recevoir des lettres test. Saisie des donn\u00e9es en ligne ou via l\u2018application.<br \/>\n<\/div>\n\t\t\t\t\t\t\t\t<\/div>\n\t\t\t\t\t\t\t<\/div> <div class=\"col-md-4\">\n\t\t\t\t\t\t\t\t<div class=\"card item-3\">\n\t\t\t\t\t\t\t\t\t<div class=\"card-number\">3<\/div>\n\t\t\t\t\t\t\t\t\t<div class=\"item-title\">votre bonus<\/div>\n\t\t\t\t\t\t\t\t\t<div class=\"story-content\"> R\u00e9mun\u00e9ration mensuelle de 15 USD : virement PayPal ou Skrill, carte cadeau Amazon ou don msf.<br \/>\n<\/div>\n\t\t\t\t\t\t\t\t<\/div>\n\t\t\t\t\t\t\t<\/div>\n            <\/div>\r\n        <\/div> <!-- .row #content-row -->\r\n        <div class=\"row btn-row\">\r\n            <a href=#register-form class=\"btn btn-cta big-btn\" role=\"button\">Inscrivez-vous maintenant<\/a>\r\n        <\/div> <!-- .row -->\r\n\t<\/div>\r\n\t \t<!-- load additional specific css -->\r\n  <link rel=\"stylesheet\" href=\"https:\/\/quotas.de\/en\/wp-content\/plugins\/quotas-story\/modules\/..\/assets\/css\/jquery.modal.css\">\r\n  <link rel=\"stylesheet\" href=\"https:\/\/quotas.de\/en\/wp-content\/plugins\/quotas-story\/modules\/..\/assets\/css\/register.css\">\r\n\r\n\t<div class=\"overlay register register1\">\r\n        <div class=\"row content-row\">\r\n            <a name=\"register-form\"><\/a>\r\n            <div class=\"story-title\">\r\n\t\t        Saisissez l'occasion et rejoignez-nous !            <\/div>\r\n            \n<div class=\"story-content item-1\">\nLes t\u00e2ches ne sont ni laborieuses ni compliqu\u00e9es, la participation peut se faire \u00e0 c\u00f4t\u00e9 d\u2019un v\u00e9ritable travail, sans beaucoup d&#8217;effort.<\/div>\n\t<!-- load additional specific css -->\r\n    <link rel=\"stylesheet\" href=\"https:\/\/quotas.de\/en\/wp-content\/plugins\/quotas-story\/modules\/..\/assets\/css\/form.css\">\r\n\r\n\t<form action=\"#\" id=\"register-form\">\r\n\r\n\t\t\n<div class=\"form-group\">\n    \t\t\t\t\t<input type=\"text\"\n\t                        class=\"form-control\"\n\t                        id=\"surname\"\n\t                        name=\"surname\"\n\t                        placeholder=\"pr\u00e9nom\"\n\t                        min=\"\"\n    \t\t\t\t    >\n  \t\t\t\t\t  <\/div>\n  \t\t\t\t\t  <div class=\"input-error-msg\" id=\"surname-err\"><\/div>\n<div class=\"form-group\">\n    \t\t\t\t\t<input type=\"text\"\n\t                        class=\"form-control\"\n\t                        id=\"lastname\"\n\t                        name=\"lastname\"\n\t                        placeholder=\"nom de famille\"\n\t                        min=\"\"\n    \t\t\t\t    >\n  \t\t\t\t\t  <\/div>\n  \t\t\t\t\t  <div class=\"input-error-msg\" id=\"lastname-err\"><\/div>\n<div class=\"form-group\">\n    \t\t\t\t\t<input type=\"email\"\n\t                        class=\"form-control\"\n\t                        id=\"email\"\n\t                        name=\"email\"\n\t                        placeholder=\"adresse mail\"\n\t                        min=\"\"\n    \t\t\t\t    >\n  \t\t\t\t\t  <\/div>\n  \t\t\t\t\t  <div class=\"input-error-msg\" id=\"email-err\"><\/div> <div class=\"form-group\">\n    \t\t\t\t\t<input type=\"hidden\"\n\t                        class=\"form-control\"\n\t                        id=\"survey\"\n\t                        name=\"survey\"\n\t                        placeholder=\"MA 4011 amis\"\n\t                        min=\"\"\n    \t\t\t\t    >\n  \t\t\t\t\t  <\/div>\n  \t\t\t\t\t  <div class=\"input-error-msg\" id=\"survey-err\"><\/div>\n<div class=\"form-group\">\n    \t\t\t\t\t<input type=\"hidden\"\n\t                        class=\"form-control\"\n\t                        id=\"source\"\n\t                        name=\"source\"\n\t                        placeholder=\"fr\"\n\t                        min=\"\"\n    \t\t\t\t    >\n  \t\t\t\t\t  <\/div>\n  \t\t\t\t\t  <div class=\"input-error-msg\" id=\"source-err\"><\/div>\n<div class=\"form-group\">\n    \t\t\t\t\t<input type=\"hidden\"\n\t                        class=\"form-control\"\n\t                        id=\"lang\"\n\t                        name=\"lang\"\n\t                        placeholder=\"fr\"\n\t                        min=\"\"\n    \t\t\t\t    >\n  \t\t\t\t\t  <\/div>\n  \t\t\t\t\t  <div class=\"input-error-msg\" id=\"lang-err\"><\/div>\nCharte de confidentialit\u00e9 (en anglais)<br \/>\n\r\n        <button type=\"submit\" class=\"btn btn-default\" id=\"submit-field\" formnovalidate=\"formnovalidate\">d\u00e9marrer<\/button>\r\n    <\/form>\r\n\r\n\t\n        <\/div> <!-- .row #content-row -->\r\n\t<\/div>\r\n\r\n<script> var surveyFromURL = \"\"; <\/script>\r\n\r\n\t\n\t<!-- load additional specific css -->\r\n\t<link rel=\"stylesheet\" href=\"https:\/\/quotas.de\/en\/wp-content\/plugins\/quotas-story\/modules\/..\/assets\/css\/about.css\">\r\n\r\n\t<div class=\"overlay about\">\r\n        <div class=\"row content-row\">\r\n            <div class=\"story-title\">\r\n\t\t        A propos de Quotas            <\/div>\r\n            \n<div class=\"story-content item-1\">\nQuotas est un cabinet ind\u00e9pendant, situ\u00e9 \u00e0 Hambourg en Allemagne. Sp\u00e9cialis\u00e9s dans les \u00e9tudes qualitatives du march\u00e9 postal, nous observons le temps d&#8217;acheminement de votre courrier. L&#8217;objectif de nos recherches est d&#8217;aider les op\u00e9rateurs postaux \u00e0 contr\u00f4ler et \u00e0 am\u00e9liorer la qualit\u00e9 des services qu&#8217;ils vous rendent. Leur performance est mesur\u00e9e selon les normes internationales. L&#8217;expertise, l\u2018\u00e9valuation pr\u00e9cise et de fiables r\u00e9sultats sont au c\u0153ur de notre travail. <\/div>\n        <\/div> <!-- .row #content-row -->\r\n        <div class=\"row story-content btn-row\">\r\n            <a href=https:\/\/quotas.de\/en class=\"btn btn-cta big-btn\" role=\"button\">en savoir plus (en anglais)<\/a>\r\n        <\/div> <!-- .row .btn-row -->\r\n\t<\/div>\r\n\t\n\t<!-- load additional specific css -->\r\n\t<link rel=\"stylesheet\" href=\"https:\/\/quotas.de\/en\/wp-content\/plugins\/quotas-story\/modules\/..\/assets\/css\/engagement.css\">\r\n\r\n\t<div class=\"overlay engagement\">\r\n        <div class=\"row content-row\">\r\n            <div class=\"story-title\">\r\n\t\t                    <\/div>\r\n            \n<div class=\"story-content item-1\">Nous sommes heureux de soutenir :<br \/>\n<\/div>\n<div class=\"eng-logo\" id=\"logo-1\"><img loading=\"lazy\" decoding=\"async\" src=\"https:\/\/quotas.de\/wp-content\/uploads\/esomar.jpg\" width=\"256\" height=\"198\" alt=\"logo\"><\/div>\n<div class=\"eng-logo\" id=\"logo-2\"><img loading=\"lazy\" decoding=\"async\" src=\"https:\/\/quotas.de\/wp-content\/uploads\/msfeng.jpg\" width=\"256\" height=\"198\" alt=\"logo\"><\/div>\n<div class=\"eng-logo\" id=\"logo-3\"><img loading=\"lazy\" decoding=\"async\" src=\"https:\/\/quotas.de\/wp-content\/uploads\/partnerluftmobil.jpg\" width=\"256\" height=\"198\" alt=\"logo\"><\/div>\n        <\/div> <!-- .row #content-row -->\r\n\t<\/div>\r\n    <div class=\"clearfix\"><\/div>\r\n\t\n\r\n\r\n\t<!-- load additional specific css -->\r\n\t<link rel=\"stylesheet\" href=\"https:\/\/quotas.de\/en\/wp-content\/plugins\/quotas-story\/modules\/..\/assets\/css\/footer.css\">\r\n\r\n\t<div class=\"overlay footer\">\r\n        <div class=\"row content-row\">\r\n            <div class=\"story-title\">\r\n\t\t        Si vous avez des questions, n'h\u00e9sitez pas \u00e0 nous contacter.            <\/div>\r\n            <div id=\"mail-logo\"><img decoding=\"async\" src=\"https:\/\/quotas.de\/en\/wp-content\/plugins\/quotas-story\/modules\/..\/assets\/images\/mail.svg\" alt=\"Mail-Logo\"><\/div>\r\n            <div class=\"email\">\r\n                E-Mail:\r\n   \t\t         <a href=\"mailto:panel@quotas.de\">panel@quotas.de<\/a>\r\n            <\/div>\r\n            <div class=\"social-logos\" style=\"display: none;\">\r\n                <a href=\"https:\/\/twitter.com\/BeautifulStamps\" target=\"_self\">\r\n                    <img decoding=\"async\" src=\"https:\/\/quotas.de\/en\/wp-content\/plugins\/quotas-story\/modules\/..\/assets\/images\/twitter.svg\" alt=\"twitter\">\r\n                <\/a>\r\n                <a href=\"https:\/\/www.facebook.com\/Quotas.GmbH\" target=\"_self\">\r\n                    <img decoding=\"async\" src=\"https:\/\/quotas.de\/en\/wp-content\/plugins\/quotas-story\/modules\/..\/assets\/images\/facebook.svg\" alt=\"facebook\">\r\n                <\/a>\r\n                <a href=\"https:\/\/www.xing.com\/companies\/quotasgmbh\" target=\"_self\">\r\n                    <img decoding=\"async\" src=\"https:\/\/quotas.de\/en\/wp-content\/plugins\/quotas-story\/modules\/..\/assets\/images\/xing.svg\" alt=\"xing\">\r\n                <\/a>\r\n                <a href=\"https:\/\/www.linkedin.com\/company\/quotas-gmbh\" target=\"_self\">\r\n                    <img decoding=\"async\" src=\"https:\/\/quotas.de\/en\/wp-content\/plugins\/quotas-story\/modules\/..\/assets\/images\/linkedin.svg\" alt=\"linkedin\">\r\n                <\/a>\r\n            <\/div>\r\n            <div class=\"links\">\r\n                \n<a href=\"https:\/\/quotas.de\/en\/imprint\">Mentions l\u00e9gales<\/a>\n<a href=\"https:\/\/quotas.de\/en\/privacy-policy-quotas-gmbh\">Charte de confidentialit\u00e9<\/a>\n            <\/div>\r\n        <\/div> <!-- .row #content-row -->\r\n\t<\/div>\r\n\t\n","protected":false},"excerpt":{"rendered":"","protected":false},"author":25,"featured_media":0,"parent":0,"menu_order":0,"comment_status":"closed","ping_status":"closed","template":"template-story.php","meta":{"footnotes":""},"categories":[349],"tags":[354,358,359],"class_list":["post-5883","page","type-page","status-publish","hentry","category-landing-page","tag-doi","tag-freunde","tag-ma-4011"],"aioseo_notices":[],"_links":{"self":[{"href":"https:\/\/quotas.de\/en\/wp-json\/wp\/v2\/pages\/5883","targetHints":{"allow":["GET"]}}],"collection":[{"href":"https:\/\/quotas.de\/en\/wp-json\/wp\/v2\/pages"}],"about":[{"href":"https:\/\/quotas.de\/en\/wp-json\/wp\/v2\/types\/page"}],"author":[{"embeddable":true,"href":"https:\/\/quotas.de\/en\/wp-json\/wp\/v2\/users\/25"}],"replies":[{"embeddable":true,"href":"https:\/\/quotas.de\/en\/wp-json\/wp\/v2\/comments?post=5883"}],"version-history":[{"count":2,"href":"https:\/\/quotas.de\/en\/wp-json\/wp\/v2\/pages\/5883\/revisions"}],"predecessor-version":[{"id":5886,"href":"https:\/\/quotas.de\/en\/wp-json\/wp\/v2\/pages\/5883\/revisions\/5886"}],"wp:attachment":[{"href":"https:\/\/quotas.de\/en\/wp-json\/wp\/v2\/media?parent=5883"}],"wp:term":[{"taxonomy":"category","embeddable":true,"href":"https:\/\/quotas.de\/en\/wp-json\/wp\/v2\/categories?post=5883"},{"taxonomy":"post_tag","embeddable":true,"href":"https:\/\/quotas.de\/en\/wp-json\/wp\/v2\/tags?post=5883"}],"curies":[{"name":"wp","href":"https:\/\/api.w.org\/{rel}","templated":true}]}}