{"id":5100,"date":"2022-08-30T15:23:42","date_gmt":"2022-08-30T13:23:42","guid":{"rendered":"https:\/\/quotas.de\/en\/?page_id=5100"},"modified":"2022-10-07T13:29:24","modified_gmt":"2022-10-07T11:29:24","slug":"postundersokning-swex-1310","status":"publish","type":"page","link":"https:\/\/quotas.de\/en\/postundersokning-swex-1310\/","title":{"rendered":"Prova posten!"},"content":{"rendered":"\n<h2 class=\"wp-block-heading\">Delta i v\u00e5r unders\u00f6kning och hj\u00e4lp oss att f\u00f6rb\u00e4ttra postens leveranskvalitet<\/h2>\n\n\n\n<p>Hj\u00e4rtligt v\u00e4lkommen till <strong><a href=\"https:\/\/quotas.de\/en\/about-quotas\/\">Quotas<\/a><\/strong> hemsida. Klicka p\u00e5 <strong>registreringsknappen<\/strong> f\u00f6r att anm\u00e4la dig som <strong>deltagare <\/strong>i v\u00e5r postunders\u00f6kning (Studiekod: SWEX 1310). Om du har n\u00e5gra fr\u00e5gor kan du kontakta oss genom att skicka ett email till <strong><a href=\"mailto:panel@quotas.de\">panel@quotas.de<\/a><\/strong>. Vi hj\u00e4lper dig g\u00e4rna.<\/p>\n\n\n\n<p><a href=\"https:\/\/www.quotas-panel.com\/pdf\/SWEX-PostNord.pdf\" target=\"_blank\" rel=\"noopener\"><strong>H\u00e4r<\/strong><\/a> finns PostNords rekommendationsbrev, vilket bekr\u00e4ftar att vi genomf\u00f6r poststudien \u00e5t PostNord.<\/p>\n\n\n\n<p class=\"has-text-align-center\"><a class=\"cta-button\" href=\"https:\/\/quotas-umfrage.de\/181794?lang=sv&amp;own=SE&amp;survey=SWEX 1310\" target=\"_blank\" rel=\"noopener\">Registrera nu<\/a><\/p>\n\n\n\n<h3 class=\"wp-block-heading\">Vem s\u00f6ker vi till v\u00e5r studie?<\/h3>\n\n\n\n<p>Vi s\u00f6ker nya deltagare med privat adress eller f\u00f6retagsadress fr\u00e5n alla regioner i Sverige. F\u00f6r att kunna delta i unders\u00f6kningen beh\u00f6ver du tillg\u00e5ng till Internet och ha m\u00f6jlighet att t\u00f6mma din postl\u00e5da under varje leveransdag.<\/p>\n\n\n\n<h3 class=\"wp-block-heading\">Vad erbjuder vi dig?<\/h3>\n\n\n\n<p>F\u00f6r din hj\u00e4lp med v\u00e5r postunders\u00f6kning betalar vi en m\u00e5nadspremie. Du kan v\u00e4lja mellan att f\u00e5 ett <strong>Amazon-presentkort<\/strong>, ett valfritt presentkort hos <strong>Presentkorttorget (GoGift)<\/strong> eller en utbetalning till ditt <strong>Paypal<\/strong>&#8211;<strong>konto <\/strong>eller ditt <strong>bankkonto<\/strong>. Ut\u00f6ver detta har du \u00e4ven m\u00f6jlighet att donera beloppet till <strong>L\u00e4kare utan gr\u00e4nser<\/strong>.<\/p>\n\n\n\n<p><strong>Ditt deltagande i v\u00e5r postunders\u00f6kning medf\u00f6r inga kostnader. F\u00f6r dig \u00e4r det en bekv\u00e4m m\u00f6jlighet att hemifr\u00e5n och utan stor insats kunna tj\u00e4na pengar och samtidigt medverka i en sp\u00e4nnande unders\u00f6kning. F\u00f6r att bli deltagare klickar du p\u00e5 registreringsknappen (Studiekod: SWEX 1310).&nbsp;<br>Om du har n\u00e5gra fr\u00e5gor s\u00e5 \u00e4r du v\u00e4lkommen att h\u00f6ra av dig till oss. Skriv d\u00e5 ett email till <strong><a href=\"mailto:panel@quotas.de\" target=\"_blank\" rel=\"noreferrer noopener\">panel@quotas.de<\/a><\/strong>.<\/strong><\/p>\n\n\n\n<p class=\"has-text-align-center\"><a class=\"cta-button\" href=\"https:\/\/quotas-umfrage.de\/181794?lang=sv&amp;own=SE&amp;survey=SWEX 1310\" target=\"_blank\" rel=\"noopener\">Registrera nu<\/a><\/p>\n\n\n\n<p><em><strong>Dataskydd:<\/strong> Dina personuppgifter kommer endast att anv\u00e4ndas f\u00f6r v\u00e5ra studier och hanteras konfidentiellt i enlighet med dataskyddsbest\u00e4mmelser fr\u00e5n ESOMAR (European Society for Opinion and Marketing Research). <\/em><\/p>\n\n\n\n<p><strong>Vi ser fram emot ditt deltagande!<\/strong><\/p>\n","protected":false},"excerpt":{"rendered":"<p>Delta i v\u00e5r unders\u00f6kning och hj\u00e4lp oss att f\u00f6rb\u00e4ttra postens leveranskvalitet<\/p>\n","protected":false},"author":25,"featured_media":0,"parent":0,"menu_order":0,"comment_status":"closed","ping_status":"closed","template":"template-one-column.php","meta":{"footnotes":""},"categories":[],"tags":[333],"class_list":["post-5100","page","type-page","status-publish","hentry","tag-swex-1310"],"aioseo_notices":[],"_links":{"self":[{"href":"https:\/\/quotas.de\/en\/wp-json\/wp\/v2\/pages\/5100","targetHints":{"allow":["GET"]}}],"collection":[{"href":"https:\/\/quotas.de\/en\/wp-json\/wp\/v2\/pages"}],"about":[{"href":"https:\/\/quotas.de\/en\/wp-json\/wp\/v2\/types\/page"}],"author":[{"embeddable":true,"href":"https:\/\/quotas.de\/en\/wp-json\/wp\/v2\/users\/25"}],"replies":[{"embeddable":true,"href":"https:\/\/quotas.de\/en\/wp-json\/wp\/v2\/comments?post=5100"}],"version-history":[{"count":2,"href":"https:\/\/quotas.de\/en\/wp-json\/wp\/v2\/pages\/5100\/revisions"}],"predecessor-version":[{"id":5133,"href":"https:\/\/quotas.de\/en\/wp-json\/wp\/v2\/pages\/5100\/revisions\/5133"}],"wp:attachment":[{"href":"https:\/\/quotas.de\/en\/wp-json\/wp\/v2\/media?parent=5100"}],"wp:term":[{"taxonomy":"category","embeddable":true,"href":"https:\/\/quotas.de\/en\/wp-json\/wp\/v2\/categories?post=5100"},{"taxonomy":"post_tag","embeddable":true,"href":"https:\/\/quotas.de\/en\/wp-json\/wp\/v2\/tags?post=5100"}],"curies":[{"name":"wp","href":"https:\/\/api.w.org\/{rel}","templated":true}]}}