{"id":5053,"date":"2022-07-21T16:17:30","date_gmt":"2022-07-21T14:17:30","guid":{"rendered":"https:\/\/quotas.de\/en\/?page_id=5053"},"modified":"2025-11-06T13:01:23","modified_gmt":"2025-11-06T12:01:23","slug":"postundersokning-swex-1301","status":"publish","type":"page","link":"https:\/\/quotas.de\/en\/postundersokning-swex-1301\/","title":{"rendered":"Prova posten!"},"content":{"rendered":"<!-- load additional specific css -->\n<link rel=\"stylesheet\" href=\"https:\/\/quotas.de\/en\/wp-content\/plugins\/quotas-story\/modules\/landing-page-modules\/..\/..\/assets\/css\/hero.css\">\n<link rel=\"stylesheet\" href=\"https:\/\/quotas.de\/en\/wp-content\/plugins\/quotas-story\/modules\/landing-page-modules\/css\/firmen.css\">\n\n<div class=\"overlay hero landing-page firmen\">\n\n    <div class=\"top-row\">\n    <\/div> <!-- .row -->\n\n    <div class=\"opaque-bg col-md-offset-1 col-md-12\">\n        <div class=\"q-logo wide-screen\"><a href=\"https:\/\/quotas.de\"><img decoding=\"async\" src=\"https:\/\/quotas.de\/en\/wp-content\/plugins\/quotas-story\/modules\/landing-page-modules\/images\/q-logo-grey.png\" alt=\"Quotas-Logo\"><\/a><\/div>\n        <div class=\"q-logo mobile\"><a href=\"https:\/\/quotas.de\"><img decoding=\"async\" src=\"https:\/\/quotas.de\/en\/wp-content\/plugins\/quotas-story\/modules\/landing-page-modules\/..\/..\/assets\/images\/q-logo-mobile.svg\" alt=\"Quotas-Logo\"><\/a><\/div>\n\n        <div class=\"row\" id=\"title-row\">\n            <div class=\"story-title\">\n                Delta i v\u00e5r studie och tj\u00e4na lite extra genom att testa postens kvalitet            <\/div>\n        <\/div> <!-- .row #title-row -->\n\n        <div class=\"row content-row\">\n            \n<div class=\"story-content item-1\"><\/div>\n            <div class=\"story-content\">\n                <a href=#register-form class=\"btn btn-cta big-btn pull-left\" role=\"button\">Ja, jag vill g\u00e4rna vara med!<\/a>\n            <\/div> <!-- .row -->\n        <\/div> <!-- .row #content-row -->\n\n    <\/div> <!-- .opaque-bg -->\n    <div class=\"row btn-row\">\n        <div class=\"-align-center\">\n<!--\n            <a href=\"#register-form\" class=\"btn btn-cta small-btn\" role=\"button\">Anm\u00e4l dig h\u00e4r!<\/a>\n-->\n        <\/div>\n    <\/div>\n\n<\/div> <!-- .overlay .hero -->\n\n\r\n\r\n\t<!-- load additional specific css -->\r\n\t<link rel=\"stylesheet\" href=\"https:\/\/quotas.de\/en\/wp-content\/plugins\/quotas-story\/modules\/..\/assets\/css\/basic.css\">\r\n\r\n\t<div class=\"overlay basic\">\r\n        <div class=\"row content-row\">\r\n            <div class=\"story-title\">\r\n\t\t        Hur kan jag bidra till studien?            <\/div>\r\n\r\n            \n<div class=\"story-content item-1\">\nI denna poststudie unders\u00f6ks hur l\u00e4nge det tar f\u00f6r PostNord att leverera ett brev. Hur m\u00e5nga dagar tar det mellan att ett brev skickas och tas emot? F\u00f6r att svara p\u00e5 den fr\u00e5gan vill vi g\u00e4rna ha dig <strong>som deltagare i studien<\/strong>. Studien p\u00e5g\u00e5r i flera \u00e5r och det f\u00f6rv\u00e4ntas att du skickar och tar emot ca 5-8 brev per vecka. Om du bor l\u00e5ngt ifr\u00e5n en postl\u00e5da kan du \u00e4ven bara ta emot brev &#8211; samma g\u00e4ller om du deltar med f\u00f6retagsadress.<br \/>\n<\/p>\n<p><strong>Vem kan delta i poststudien? <\/strong><\/p>\n<li>M\u00e4nniskor som har en privat adress i Sverige.<\/li>\n<li>M\u00e4nniskor som har en f\u00f6retagsadress eller \u00e4r anst\u00e4llda p\u00e5 ett f\u00f6retag med eller utan postbox i Sverige.<\/li>\n<p><\/p>\n<p><strong>Kan du svara &#8220;ja&#8221; p\u00e5 fr\u00e5gorna?<\/strong><\/p>\n<li>Jag har en privat adress eller f\u00f6retagsadress i Sverige.<\/li>\n<li>Jag kan skicka och ta emot brev.<\/li>\n<li>Jag har tillg\u00e5ng till internet eller en mobiltelefon.<\/li>\n<li>Jag \u00e4r p\u00e5litlig.<\/li>\n<li>Jag vill tj\u00e4na lite extra.<\/li>\n<p><\/p>\n<\/div>\n\r\n        <\/div> <!-- .row #content-row -->\r\n        <div class=\"row btn-row\">\r\n            <a href=#register-form class=\"btn btn-cta big-btn\" role=\"button\">Ja, jag vill g\u00e4rna vara med!<\/a>\r\n        <\/div> <!-- .row .btn-row -->\r\n    <\/div> <!-- .overlay -->\r\n\t\n\r\n\r\n\t<!-- load additional specific css -->\r\n\t<link rel=\"stylesheet\" href=\"https:\/\/quotas.de\/en\/wp-content\/plugins\/quotas-story\/modules\/..\/assets\/css\/process.css\">\r\n\r\n\t<div class=\"overlay process\">\r\n        <div class=\"row top-row\">\r\n        <\/div> <!-- .row -->\r\n        <div class=\"row content-row\">\r\n            <div>\r\n                <div class=\"story-title\">\r\n\t\t            S\u00e5 h\u00e4r fungerar det                <\/div>\r\n\t            \n<div class=\"col-md-4\">\n\t\t\t\t\t\t\t\t<div class=\"card item-1\">\n\t\t\t\t\t\t\t\t\t<div class=\"card-number\">1<\/div>\n\t\t\t\t\t\t\t\t\t<div class=\"item-title\">Anm\u00e4l dig!<\/div>\n\t\t\t\t\t\t\t\t\t<div class=\"story-content\">Anm\u00e4l dig med ditt namn, din adress och din e-post.  <\/div>\n\t\t\t\t\t\t\t\t<\/div>\n\t\t\t\t\t\t\t<\/div>\n<div class=\"col-md-4\">\n\t\t\t\t\t\t\t\t<div class=\"card item-2\">\n\t\t\t\t\t\t\t\t\t<div class=\"card-number\">2<\/div>\n\t\t\t\t\t\t\t\t\t<div class=\"item-title\">Delta!<\/div>\n\t\t\t\t\t\t\t\t\t<div class=\"story-content\">Skicka och ta emot testbrev.<br \/>\nDataregistreringen sker online eller via appen.<\/p>\n<\/div>\n\t\t\t\t\t\t\t\t<\/div>\n\t\t\t\t\t\t\t<\/div>\n<div class=\"col-md-4\">\n\t\t\t\t\t\t\t\t<div class=\"card item-3\">\n\t\t\t\t\t\t\t\t\t<div class=\"card-number\">3<\/div>\n\t\t\t\t\t\t\t\t\t<div class=\"item-title\">Ers\u00e4ttning!<\/div>\n\t\t\t\t\t\t\t\t\t<div class=\"story-content\"> V\u00e4lj t.ex. mellan PayPal, Amazon, Skrill eller Gogift.<br \/>\nDu kan \u00e4ven donera din bonus.<\/div>\n\t\t\t\t\t\t\t\t<\/div>\n\t\t\t\t\t\t\t<\/div>\n            <\/div>\r\n        <\/div> <!-- .row #content-row -->\r\n        <div class=\"row btn-row\">\r\n            <a href=#register-form class=\"btn btn-cta big-btn\" role=\"button\">Ja, jag vill g\u00e4rna vara med!<\/a>\r\n        <\/div> <!-- .row -->\r\n\t<\/div>\r\n\t\n\r\n\r\n\t<!-- load additional specific css -->\r\n  <link rel=\"stylesheet\" href=\"https:\/\/quotas.de\/en\/wp-content\/plugins\/quotas-story\/modules\/..\/assets\/css\/jquery.modal.css\">\r\n  <link rel=\"stylesheet\" href=\"https:\/\/quotas.de\/en\/wp-content\/plugins\/quotas-story\/modules\/..\/assets\/css\/register.css\">\r\n\r\n\t<div class=\"overlay register register1\">\r\n        <div class=\"row content-row\">\r\n            <a name=\"register-form\"><\/a>\r\n            <div class=\"story-title\">\r\n\t\t        G\u00e5 med och tj\u00e4na lite extra!            <\/div>\r\n            \n<div class=\"story-content item-1\"> Uppgifterna \u00e4r enkla och tar inte mycket tid!<\/div>\n\t<!-- load additional specific css -->\r\n    <link rel=\"stylesheet\" href=\"https:\/\/quotas.de\/en\/wp-content\/plugins\/quotas-story\/modules\/..\/assets\/css\/form.css\">\r\n\r\n\t<form action=\"#\" id=\"register-form\">\r\n\r\n\t\t\n<div class=\"form-group\">\n    \t\t\t\t\t<input type=\"text\"\n\t                        class=\"form-control\"\n\t                        id=\"surname\"\n\t                        name=\"surname\"\n\t                        placeholder=\"f\u00f6rnamn\"\n\t                        min=\"\"\n    \t\t\t\t    >\n  \t\t\t\t\t  <\/div>\n  \t\t\t\t\t  <div class=\"input-error-msg\" id=\"surname-err\"><\/div>\n<div class=\"form-group\">\n    \t\t\t\t\t<input type=\"text\"\n\t                        class=\"form-control\"\n\t                        id=\"lastname\"\n\t                        name=\"lastname\"\n\t                        placeholder=\"efternamn\"\n\t                        min=\"\"\n    \t\t\t\t    >\n  \t\t\t\t\t  <\/div>\n  \t\t\t\t\t  <div class=\"input-error-msg\" id=\"lastname-err\"><\/div>\n<div class=\"form-group\">\n    \t\t\t\t\t<input type=\"email\"\n\t                        class=\"form-control\"\n\t                        id=\"email\"\n\t                        name=\"email\"\n\t                        placeholder=\"e-post\"\n\t                        min=\"\"\n    \t\t\t\t    >\n  \t\t\t\t\t  <\/div>\n  \t\t\t\t\t  <div class=\"input-error-msg\" id=\"email-err\"><\/div>\n<div class=\"form-group\">\n    \t\t\t\t\t<input type=\"hidden\"\n\t                        class=\"form-control\"\n\t                        id=\"survey\"\n\t                        name=\"survey\"\n\t                        placeholder=\"SWEX 1301\"\n\t                        min=\"\"\n    \t\t\t\t    >\n  \t\t\t\t\t  <\/div>\n  \t\t\t\t\t  <div class=\"input-error-msg\" id=\"survey-err\"><\/div>\n<div class=\"form-group\">\n    \t\t\t\t\t<input type=\"hidden\"\n\t                        class=\"form-control\"\n\t                        id=\"source\"\n\t                        name=\"source\"\n\t                        placeholder=\"sv\"\n\t                        min=\"\"\n    \t\t\t\t    >\n  \t\t\t\t\t  <\/div>\n  \t\t\t\t\t  <div class=\"input-error-msg\" id=\"source-err\"><\/div>\n<div class=\"form-group\">\n    \t\t\t\t\t<input type=\"hidden\"\n\t                        class=\"form-control\"\n\t                        id=\"lang\"\n\t                        name=\"lang\"\n\t                        placeholder=\"sv\"\n\t                        min=\"\"\n    \t\t\t\t    >\n  \t\t\t\t\t  <\/div>\n  \t\t\t\t\t  <div class=\"input-error-msg\" id=\"lang-err\"><\/div>\n<script>var infoText=\"Tack!\";<\/script>\n<p><a style=\"color: white;text-decoration: none\" href=\"https:\/\/quotas.de\/en\/privacy-policy-quotas-gmbh\/\"><span style=\"color: white\">Privacy policy<\/span><\/a><\/p>\n\r\n        <button type=\"submit\" class=\"btn btn-default\" id=\"submit-field\" formnovalidate=\"formnovalidate\">Ja, jag vill g\u00e4rna vara med!<\/button>\r\n    <\/form>\r\n\r\n\t\n        <\/div> <!-- .row #content-row -->\r\n\t<\/div>\r\n\r\n<script> var surveyFromURL = \"\"; <\/script>\r\n\r\n\t\n\r\n\r\n\t<!-- load additional specific css -->\r\n\t<link rel=\"stylesheet\" href=\"https:\/\/quotas.de\/en\/wp-content\/plugins\/quotas-story\/modules\/..\/assets\/css\/about.css\">\r\n\r\n\t<div class=\"overlay about\">\r\n        <div class=\"row content-row\">\r\n            <div class=\"story-title\">\r\n\t\t        Om Quotas            <\/div>\r\n            \n<div class=\"story-content item-1\">Quotas \u00e4r ett oberoende kvalitets- och marknadsunders\u00f6kningsinstitut i Hamburg i norra Tyskland. Vi erbjuder l\u00f6sningar f\u00f6r att m\u00e4ta kvaliteten p\u00e5 tj\u00e4nster och processer. Vi \u00e4r specialiserade p\u00e5 poststudier i hela v\u00e4rlden d\u00e4r vi genomf\u00f6r utv\u00e4rderingar enligt internationella standarder och utvecklar individuella \u00e5tg\u00e4rder f\u00f6r att f\u00f6rb\u00e4ttra v\u00e5ra kunders kvalitet.<\/div>\n        <\/div> <!-- .row #content-row -->\r\n        <div class=\"row story-content btn-row\">\r\n            <a href=https:\/\/quotas.de\/en class=\"btn btn-cta big-btn\" role=\"button\">mer information<\/a>\r\n        <\/div> <!-- .row .btn-row -->\r\n\t<\/div>\r\n\t\n\r\n\r\n\t<!-- load additional specific css -->\r\n\t<link rel=\"stylesheet\" href=\"https:\/\/quotas.de\/en\/wp-content\/plugins\/quotas-story\/modules\/..\/assets\/css\/engagement.css\">\r\n\r\n\t<div class=\"overlay engagement\">\r\n        <div class=\"row content-row\">\r\n            <div class=\"story-title\">\r\n\t\t                    <\/div>\r\n            \n<div class=\"story-content item-1\">Vi \u00e4r mycket glada att kunna st\u00f6dja:<\/div>\n<div class=\"eng-logo\" id=\"logo-1\"><img loading=\"lazy\" decoding=\"async\" src=\"https:\/\/quotas.de\/wp-content\/uploads\/esomar.jpg\" width=\"256\" height=\"198\" alt=\"logo\"><\/div>\n<div class=\"eng-logo\" id=\"logo-2\"><img loading=\"lazy\" decoding=\"async\" src=\"https:\/\/quotas.de\/wp-content\/uploads\/msfeng.jpg\" width=\"256\" height=\"198\" alt=\"logo\"><\/div>\n<div class=\"eng-logo\" id=\"logo-3\"><img loading=\"lazy\" decoding=\"async\" src=\"https:\/\/quotas.de\/wp-content\/uploads\/partnerluftmobil.jpg\" width=\"256\" height=\"198\" alt=\"logo\"><\/div>\n        <\/div> <!-- .row #content-row -->\r\n\t<\/div>\r\n    <div class=\"clearfix\"><\/div>\r\n\t\n\r\n\r\n\t<!-- load additional specific css -->\r\n\t<link rel=\"stylesheet\" href=\"https:\/\/quotas.de\/en\/wp-content\/plugins\/quotas-story\/modules\/..\/assets\/css\/footer.css\">\r\n\r\n\t<div class=\"overlay footer\">\r\n        <div class=\"row content-row\">\r\n            <div class=\"story-title\">\r\n\t\t        Om du undrar \u00f6ver n\u00e5got \u00e4r du v\u00e4lkommen att kontakta oss.            <\/div>\r\n            <div id=\"mail-logo\"><img decoding=\"async\" src=\"https:\/\/quotas.de\/en\/wp-content\/plugins\/quotas-story\/modules\/..\/assets\/images\/mail.svg\" alt=\"Mail-Logo\"><\/div>\r\n            <div class=\"email\">\r\n                E-Mail:\r\n   \t\t         <a href=\"mailto:panel@quotas.de\">panel@quotas.de<\/a>\r\n            <\/div>\r\n            <div class=\"social-logos\" style=\"display: none;\">\r\n                <a href=\"https:\/\/twitter.com\/BeautifulStamps\" target=\"_self\">\r\n                    <img decoding=\"async\" src=\"https:\/\/quotas.de\/en\/wp-content\/plugins\/quotas-story\/modules\/..\/assets\/images\/twitter.svg\" alt=\"twitter\">\r\n                <\/a>\r\n                <a href=\"https:\/\/www.facebook.com\/Quotas.GmbH\" target=\"_self\">\r\n                    <img decoding=\"async\" src=\"https:\/\/quotas.de\/en\/wp-content\/plugins\/quotas-story\/modules\/..\/assets\/images\/facebook.svg\" alt=\"facebook\">\r\n                <\/a>\r\n                <a href=\"https:\/\/www.xing.com\/companies\/quotasgmbh\" target=\"_self\">\r\n                    <img decoding=\"async\" src=\"https:\/\/quotas.de\/en\/wp-content\/plugins\/quotas-story\/modules\/..\/assets\/images\/xing.svg\" alt=\"xing\">\r\n                <\/a>\r\n                <a href=\"https:\/\/www.linkedin.com\/company\/quotas-gmbh\" target=\"_self\">\r\n                    <img decoding=\"async\" src=\"https:\/\/quotas.de\/en\/wp-content\/plugins\/quotas-story\/modules\/..\/assets\/images\/linkedin.svg\" alt=\"linkedin\">\r\n                <\/a>\r\n            <\/div>\r\n            <div class=\"links\">\r\n                \n<a href=\"https:\/\/quotas.de\/en\/imprint\">Imprint<\/a>\n<a href=\"https:\/\/quotas.de\/en\/privacy-policy-quotas-gmbh\">Privacy Policy<\/a>\n            <\/div>\r\n        <\/div> <!-- .row #content-row -->\r\n\t<\/div>\r\n\t\n","protected":false},"excerpt":{"rendered":"<p>Delta i v\u00e5r unders\u00f6kning och hj\u00e4lp oss att f\u00f6rb\u00e4ttra postens leveranskvalitet<\/p>\n","protected":false},"author":25,"featured_media":0,"parent":0,"menu_order":0,"comment_status":"closed","ping_status":"closed","template":"template-story.php","meta":{"footnotes":""},"categories":[],"tags":[322],"class_list":["post-5053","page","type-page","status-publish","hentry","tag-swex-1301"],"aioseo_notices":[],"_links":{"self":[{"href":"https:\/\/quotas.de\/en\/wp-json\/wp\/v2\/pages\/5053","targetHints":{"allow":["GET"]}}],"collection":[{"href":"https:\/\/quotas.de\/en\/wp-json\/wp\/v2\/pages"}],"about":[{"href":"https:\/\/quotas.de\/en\/wp-json\/wp\/v2\/types\/page"}],"author":[{"embeddable":true,"href":"https:\/\/quotas.de\/en\/wp-json\/wp\/v2\/users\/25"}],"replies":[{"embeddable":true,"href":"https:\/\/quotas.de\/en\/wp-json\/wp\/v2\/comments?post=5053"}],"version-history":[{"count":26,"href":"https:\/\/quotas.de\/en\/wp-json\/wp\/v2\/pages\/5053\/revisions"}],"predecessor-version":[{"id":5894,"href":"https:\/\/quotas.de\/en\/wp-json\/wp\/v2\/pages\/5053\/revisions\/5894"}],"wp:attachment":[{"href":"https:\/\/quotas.de\/en\/wp-json\/wp\/v2\/media?parent=5053"}],"wp:term":[{"taxonomy":"category","embeddable":true,"href":"https:\/\/quotas.de\/en\/wp-json\/wp\/v2\/categories?post=5053"},{"taxonomy":"post_tag","embeddable":true,"href":"https:\/\/quotas.de\/en\/wp-json\/wp\/v2\/tags?post=5053"}],"curies":[{"name":"wp","href":"https:\/\/api.w.org\/{rel}","templated":true}]}}