{"id":3949,"date":"2019-04-26T15:16:38","date_gmt":"2019-04-26T13:16:38","guid":{"rendered":"https:\/\/quotas.de\/en\/?page_id=3949"},"modified":"2022-08-24T13:33:27","modified_gmt":"2022-08-24T11:33:27","slug":"deltag-i-postas-kvalitetsmaling-1001","status":"publish","type":"page","link":"https:\/\/quotas.de\/en\/deltag-i-postas-kvalitetsmaling-1001\/","title":{"rendered":"DELTAG I POSTAS KVALITETSM\u00c5LING"},"content":{"rendered":"\n<h2 class=\"has-text-align-center wp-block-heading\">Deltag i vores m\u00e5ling og modtag bonus<\/h2>\n\n\n\n<p class=\"has-text-align-center\">Goddag og velkommen til Quotas og Postas kvalitetsanalyse.<\/p>\n\n\n\n<p class=\"has-text-align-center\">Quotas er et analyseinstitut, som samler data ind for posten i hele verden, med det form\u00e5l at forbedre effektiviteten og kvaliteten af nationale og internationale postserviceydelser.<\/p>\n\n\n\n<h2 class=\"has-text-align-center wp-block-heading\"> Vi s\u00f8ger deltagere<\/h2>\n\n\n\n<p class=\"has-text-align-center\"> <br>P\u00e5 Postas vegne s\u00f8ger vi <strong>deltagere<\/strong>, som har lyst til at deltage i m\u00e5lingen ved at sende og modtage breve. Resultaterne af m\u00e5lingen skal vise et realt billede af brevstr\u00f8mningen i den f\u00e6r\u00f8erske servicesektor og er med til at \u00f8ge Postas servicekvalitet. <\/p>\n\n\n\n<p class=\"has-text-align-center\"> Vores krav til dig er, at du har mulighed for at modtage og afsende testbreve dagligt, og at du har internetadgang, s\u00e5 du kan taste brevene ind direkte p\u00e5 vores hjemmeside. <\/p>\n\n\n\n<h2 class=\"has-text-align-center wp-block-heading\">Bonus for dit samarbejde<\/h2>\n\n\n\n<p class=\"has-text-align-center\">Som tak for din deltagelse vil du hver m\u00e5ned&nbsp;<strong>modtage point&nbsp;<\/strong>til en v\u00e6rdi af 100,- dkk. Bel\u00f8bet kan udbetales som:<\/p>\n\n\n\n<p class=\"has-text-align-center\">~ et gavekort fra Amazon (amazon.com, amazon.de, amazon.co.uk)<br>~ et gavekort til \u201eMeira av ti goda\u201c eller \u201esms\u201c<br>~ en donation til \u201cL\u00e6ger uden gr\u00e6nser\u201d <\/p>\n\n\n\n<p class=\"has-text-align-center\"><strong>Du kan registrere dig p\u00e5 f\u00f8lgende link:&nbsp;<\/strong><\/p>\n\n\n\n<p class=\"has-text-align-center\"><a class=\"cta-button\" href=\"https:\/\/quotas-umfrage.de\/181794?lang=da&amp;survey=FO%201001\">Registrering<\/a><\/p>\n\n\n\n<p><br><\/p>\n\n\n\n<p>For yderligere information omkring m\u00e5lingen, er du velkommen til at kontakte os per mail:&nbsp;<a href=\"mailto:panel@quotas.de\">panel@quotas.de<\/a>.<\/p>\n\n\n\n<p><strong>Her kan du l\u00e6se mere om Quotas: https\/\/:quotas.de. <\/strong><\/p>\n\n\n\n<p><em>Databeskyttelse: Vi g\u00f8r opm\u00e6rksom p\u00e5, at dine data vil blive behandlet fortrolig og udelukkende benyttes i forbindelse med vores studie, i overensstemmelse med ESOMAR, (European Society for Opinion and Marketing Research).<\/em><\/p>\n\n\n\n<p>Vi gl\u00e6der os til at h\u00f8re fra dig.<\/p>\n\n\n\n<p>Med venlig hilsen<br>Quotas Team<\/p>\n","protected":false},"excerpt":{"rendered":"<p>Deltag i vores m\u00e5ling og tjen penge online. Test kvaliteten af posten ved at modtage testbreve fra hele landet.<\/p>\n","protected":false},"author":19,"featured_media":0,"parent":0,"menu_order":0,"comment_status":"closed","ping_status":"closed","template":"template-one-column.php","meta":{"footnotes":""},"categories":[124],"tags":[310],"class_list":["post-3949","page","type-page","status-publish","hentry","category-opportunities","tag-fo-1001"],"aioseo_notices":[],"_links":{"self":[{"href":"https:\/\/quotas.de\/en\/wp-json\/wp\/v2\/pages\/3949","targetHints":{"allow":["GET"]}}],"collection":[{"href":"https:\/\/quotas.de\/en\/wp-json\/wp\/v2\/pages"}],"about":[{"href":"https:\/\/quotas.de\/en\/wp-json\/wp\/v2\/types\/page"}],"author":[{"embeddable":true,"href":"https:\/\/quotas.de\/en\/wp-json\/wp\/v2\/users\/19"}],"replies":[{"embeddable":true,"href":"https:\/\/quotas.de\/en\/wp-json\/wp\/v2\/comments?post=3949"}],"version-history":[{"count":14,"href":"https:\/\/quotas.de\/en\/wp-json\/wp\/v2\/pages\/3949\/revisions"}],"predecessor-version":[{"id":5081,"href":"https:\/\/quotas.de\/en\/wp-json\/wp\/v2\/pages\/3949\/revisions\/5081"}],"wp:attachment":[{"href":"https:\/\/quotas.de\/en\/wp-json\/wp\/v2\/media?parent=3949"}],"wp:term":[{"taxonomy":"category","embeddable":true,"href":"https:\/\/quotas.de\/en\/wp-json\/wp\/v2\/categories?post=3949"},{"taxonomy":"post_tag","embeddable":true,"href":"https:\/\/quotas.de\/en\/wp-json\/wp\/v2\/tags?post=3949"}],"curies":[{"name":"wp","href":"https:\/\/api.w.org\/{rel}","templated":true}]}}