{"id":3201,"date":"2018-04-19T11:58:24","date_gmt":"2018-04-19T09:58:24","guid":{"rendered":"https:\/\/quotas.de\/en\/?page_id=3201"},"modified":"2024-06-14T11:36:18","modified_gmt":"2024-06-14T09:36:18","slug":"deltag-i-post-nord-danmarks-kvalitetsmaling","status":"publish","type":"page","link":"https:\/\/quotas.de\/en\/deltag-i-post-nord-danmarks-kvalitetsmaling\/","title":{"rendered":"Deltag i Post Nord Danmarks kvalitetsm\u00e5ling"},"content":{"rendered":"<h2 style=\"text-align: center\">Deltag i vores m\u00e5ling og modtag bonus<\/h2>\n<p style=\"text-align: center\">Goddag og velkommen til Quotas og PostNord Danmarks kvalitetsanalyse.<\/p>\n<p style=\"text-align: center\">Quotas er et analyseinstitut, som samler data ind for posten i hele verden, med det form\u00e5l at forbedre effektiviteten og kvaliteten af nationale og internationale postserviceydelser.<\/p>\n<h2 style=\"text-align: center\">Vi s\u00f8ger deltagere<\/h2>\n<p style=\"text-align: center\">P\u00e5 PostNord Danmarks vegne s\u00f8ger vi <strong>deltagere <\/strong>(firma eller privat), som har lyst til at deltage i m\u00e5lingen ved at sende og modtage breve. Resultaterne af m\u00e5lingen skal vise et realt billede af brevstr\u00f8mningen i den danske servicesektor og er med til at \u00f8ge PostNord Danmarks servicekvalitet.<\/p>\n<p style=\"text-align: center\">Vores krav til dig er, at du har mulighed for at modtage og afsende testbreve dagligt, og at du har internetadgang, s\u00e5 du kan taste brevene ind direkte p\u00e5 vores hjemmeside eller p\u00e5 vores App.<\/p>\n<h2 style=\"text-align: center\">Bonus for dit samarbejde<\/h2>\n<p>For din indsats vil du modtage bonuspoint til en v\u00e6rdi af 100 dkk. (senere 140 kr. med en boks, som installeres i din postkasse) i m\u00e5neden.<\/p>\n<p>Dine bonuspoint kan du indl\u00f8se p\u00e5: Amazon, Gavekortet.dk, Skrill, Paypal eller donerere til L\u00e6ger uden gr\u00e6nser.<\/p>\n<p style=\"text-align: center\">\n<p style=\"text-align: center\"><strong>Du kan registrere dig p\u00e5 f\u00f8lgende link:\u00a0<\/strong><\/p>\n<p style=\"text-align: center\"><a class=\"cta-button\" href=\"https:\/\/brevkvalitet.dk\/portal?lg=de&amp;action=show.register_dk\" target=\"_blank\" rel=\"noopener noreferrer\">Registrering<\/a><\/p>\n<p style=\"text-align: center\">For yderligere information omkring m\u00e5lingen, er du velkommen til at kontakte os per mail:\u00a0<u><a href=\"mailto:panel@quotas.de\">panel@quotas.de<\/a><\/u>.<\/p>\n<p style=\"text-align: center\"><strong>Her kan du l\u00e6se mere om Quotas: https\/\/:quotas.de. <\/strong><\/p>\n<p><em>Databeskyttelse: Vi g\u00f8r opm\u00e6rksom p\u00e5, at dine data vil blive behandlet fortrolig og udelukkende benyttes i forbindelse med vores studie, i overensstemmelse med ESOMAR, (European Society for Opinion and Marketing Research).<\/em><\/p>\n<p>Vi gl\u00e6der os til at h\u00f8re fra dig.<\/p>\n<p>Med venlig hilsen<br \/>\nQuotas Team<\/p>\n<p style=\"text-align: left\"><em>\u00a0<\/em><\/p>\n","protected":false},"excerpt":{"rendered":"<p>Deltag i vores m\u00e5ling og tjen penge online. Test kvaliteten af posten ved at modtage testbreve fra hele landet.<\/p>\n","protected":false},"author":4,"featured_media":0,"parent":0,"menu_order":0,"comment_status":"closed","ping_status":"closed","template":"template-one-column.php","meta":{"footnotes":""},"categories":[124],"tags":[311],"class_list":["post-3201","page","type-page","status-publish","hentry","category-opportunities","tag-pd-business-privat"],"aioseo_notices":[],"_links":{"self":[{"href":"https:\/\/quotas.de\/en\/wp-json\/wp\/v2\/pages\/3201","targetHints":{"allow":["GET"]}}],"collection":[{"href":"https:\/\/quotas.de\/en\/wp-json\/wp\/v2\/pages"}],"about":[{"href":"https:\/\/quotas.de\/en\/wp-json\/wp\/v2\/types\/page"}],"author":[{"embeddable":true,"href":"https:\/\/quotas.de\/en\/wp-json\/wp\/v2\/users\/4"}],"replies":[{"embeddable":true,"href":"https:\/\/quotas.de\/en\/wp-json\/wp\/v2\/comments?post=3201"}],"version-history":[{"count":16,"href":"https:\/\/quotas.de\/en\/wp-json\/wp\/v2\/pages\/3201\/revisions"}],"predecessor-version":[{"id":5438,"href":"https:\/\/quotas.de\/en\/wp-json\/wp\/v2\/pages\/3201\/revisions\/5438"}],"wp:attachment":[{"href":"https:\/\/quotas.de\/en\/wp-json\/wp\/v2\/media?parent=3201"}],"wp:term":[{"taxonomy":"category","embeddable":true,"href":"https:\/\/quotas.de\/en\/wp-json\/wp\/v2\/categories?post=3201"},{"taxonomy":"post_tag","embeddable":true,"href":"https:\/\/quotas.de\/en\/wp-json\/wp\/v2\/tags?post=3201"}],"curies":[{"name":"wp","href":"https:\/\/api.w.org\/{rel}","templated":true}]}}