{"id":2808,"date":"2017-10-27T14:45:50","date_gmt":"2017-10-27T12:45:50","guid":{"rendered":"https:\/\/quotas.de\/en\/?page_id=2808"},"modified":"2025-06-20T10:43:11","modified_gmt":"2025-06-20T08:43:11","slug":"gane-dinero-con-nuestro-estudio-postal-1001","status":"publish","type":"page","link":"https:\/\/quotas.de\/en\/gane-dinero-con-nuestro-estudio-postal-1001\/","title":{"rendered":"\u00bfQuiere mejorar el servicio postal de su pa\u00eds?"},"content":{"rendered":"<!-- load additional specific css -->\n<link rel=\"stylesheet\" href=\"https:\/\/quotas.de\/en\/wp-content\/plugins\/quotas-story\/modules\/landing-page-modules\/..\/..\/assets\/css\/hero.css\">\n<link rel=\"stylesheet\" href=\"https:\/\/quotas.de\/en\/wp-content\/plugins\/quotas-story\/modules\/landing-page-modules\/css\/firmen.css\">\n\n<div class=\"overlay hero landing-page firmen\">\n\n    <div class=\"top-row\">\n    <\/div> <!-- .row -->\n\n    <div class=\"opaque-bg col-md-offset-1 col-md-12\">\n        <div class=\"q-logo wide-screen\"><a href=\"https:\/\/quotas.de\"><img decoding=\"async\" src=\"https:\/\/quotas.de\/en\/wp-content\/plugins\/quotas-story\/modules\/landing-page-modules\/images\/q-logo-grey.png\" alt=\"Quotas-Logo\"><\/a><\/div>\n        <div class=\"q-logo mobile\"><a href=\"https:\/\/quotas.de\"><img decoding=\"async\" src=\"https:\/\/quotas.de\/en\/wp-content\/plugins\/quotas-story\/modules\/landing-page-modules\/..\/..\/assets\/images\/q-logo-mobile.svg\" alt=\"Quotas-Logo\"><\/a><\/div>\n\n        <div class=\"row\" id=\"title-row\">\n            <div class=\"story-title\">\n                Observe la velocidad de su correo y contribuya a mejorar su servicio postal. Participe en nuestra encuesta y benef\u00edciese de una bonificaci\u00f3n mensual.            <\/div>\n        <\/div> <!-- .row #title-row -->\n\n        <div class=\"row content-row\">\n             <div class=\"story-content item-1\"><\/div>             <div class=\"story-content\">\n                <a href=#register-form class=\"btn btn-cta big-btn pull-left\" role=\"button\">Reg\u00edstrese ahora<\/a>\n            <\/div> <!-- .row -->\n        <\/div> <!-- .row #content-row -->\n\n    <\/div> <!-- .opaque-bg -->\n    <div class=\"row btn-row\">\n        <div class=\"-align-center\">\n<!--\n            <a href=\"#register-form\" class=\"btn btn-cta small-btn\" role=\"button\">registrarse<\/a>\n-->\n        <\/div>\n    <\/div>\n\n<\/div> <!-- .overlay .hero -->\n \t<!-- load additional specific css -->\r\n\t<link rel=\"stylesheet\" href=\"https:\/\/quotas.de\/en\/wp-content\/plugins\/quotas-story\/modules\/..\/assets\/css\/basic.css\">\r\n\r\n\t<div class=\"overlay basic\">\r\n        <div class=\"row content-row\">\r\n            <div class=\"story-title\">\r\n\t\t        \u00bfDe qu\u00e9 se trata?            <\/div>\r\n\r\n             <div class=\"story-content item-1\"> \u00bfCu\u00e1ntos d\u00edas transcurren desde el env\u00edo hasta la recepci\u00f3n de una carta? Para contestar a esta pregunta, <strong>nos encantar\u00eda contar con su participaci\u00f3n<\/strong> en nuestra medici\u00f3n global. Nuestra encuesta postal eval\u00faa los tiempos de entrega de las cartas, especialmente el tiempo que tarda su servicio postal nacional en entregarlas. Su tarea consistir\u00e1 en enviar cartas de prueba o recibirlas desde diversos pa\u00edses del mundo. Gracias a su ayuda, podremos obtener informaci\u00f3n valiosa sobre la eficacia del correo postal a nivel internacional.<\/p>\r\n<p><img loading=\"lazy\" decoding=\"async\" class=\"aligncenter wp-image-5311 size-medium\" src=\"https:\/\/quotas.de\/en\/wp-content\/uploads\/sites\/2\/2023\/07\/DE_36026_Correos-Costa-Rica-CR-300x229.jpg\" alt=\"servicio postal, oficina de correos Costa Rica, cartas de prueba\" width=\"300\" height=\"229\" srcset=\"https:\/\/quotas.de\/en\/wp-content\/uploads\/sites\/2\/2023\/07\/DE_36026_Correos-Costa-Rica-CR-300x229.jpg 300w, https:\/\/quotas.de\/en\/wp-content\/uploads\/sites\/2\/2023\/07\/DE_36026_Correos-Costa-Rica-CR-1024x781.jpg 1024w, https:\/\/quotas.de\/en\/wp-content\/uploads\/sites\/2\/2023\/07\/DE_36026_Correos-Costa-Rica-CR-768x586.jpg 768w, https:\/\/quotas.de\/en\/wp-content\/uploads\/sites\/2\/2023\/07\/DE_36026_Correos-Costa-Rica-CR-1536x1172.jpg 1536w, https:\/\/quotas.de\/en\/wp-content\/uploads\/sites\/2\/2023\/07\/DE_36026_Correos-Costa-Rica-CR-2048x1563.jpg 2048w\" sizes=\"auto, (max-width: 300px) 100vw, 300px\" \/><\/p>\r\n<h2>\u00bfQui\u00e9n puede participar en la encuesta postal?<\/h2>\r\n<h3>los requisitos t\u00e9cnicos<\/h3>\r\n<ul>\r\n<li>Utilizo un buz\u00f3n personal (o una ranura de correo) para recibir mi correo.<\/li>\r\n<li>Mi cartero entregar\u00e1 el correo directamente a mi buz\u00f3n personal\/mi ranura de correo.<\/li>\r\n<li>Por otra parte, mi domicilio est\u00e1 ubicado en una regi\u00f3n geogr\u00e1fica incluida en la encuesta.<\/li>\r\n<\/ul>\r\n<a style=\"color: white;text-decoration: none\" href=\"https:\/\/www.quotas-panel.com\/pdf\/UPU-GMS.pdf\"> Haga clic<span style=\"color: white\">aqu\u00ed<\/span> para leer la carta de recomendaci\u00f3n de nuestro cliente (en ingl\u00e9s)<\/a>\r\n<h2>\u00bfAdem\u00e1s, puede contestar afirmativamente a las siguientes preguntas?<\/h2>\r\n<h3>los requisitos personales<\/h3>\r\n<ul>\r\n<li>\u00bfPuedo enviar o recibir cartas y recoger mi correo todos los d\u00edas de reparto posibles?<\/li>\r\n<li>\u00bfTengo acceso regular a internet o a un tel\u00e9fono celular?<\/li>\r\n<li>\u00bfPuedo comprometerme a realizar el trabajo de manera fiable?<\/li>\r\n<li>Finalmente, s\u00f3lo quiero ganar unos centavos en el lado.<\/li>\r\n<li>Sin embargo, si no cumplo con todos los requisitos, conozco a alguien que podr\u00eda estar interesado en esta tarea y puedo compartirle esta oportunidad.<\/li>\r\n<\/ul>\r\n<\/div> \r\n        <\/div> <!-- .row #content-row -->\r\n        <div class=\"row btn-row\">\r\n            <a href=#register-form class=\"btn btn-cta big-btn\" role=\"button\">Reg\u00edstrese ahora<\/a>\r\n        <\/div> <!-- .row .btn-row -->\r\n    <\/div> <!-- .overlay -->\r\n\t \t<!-- load additional specific css -->\r\n\t<link rel=\"stylesheet\" href=\"https:\/\/quotas.de\/en\/wp-content\/plugins\/quotas-story\/modules\/..\/assets\/css\/process.css\">\r\n\r\n\t<div class=\"overlay process\">\r\n        <div class=\"row top-row\">\r\n        <\/div> <!-- .row -->\r\n        <div class=\"row content-row\">\r\n            <div>\r\n                <div class=\"story-title\">\r\n\t\t            \u00bfComo funciona?                <\/div>\r\n\t             <div class=\"col-md-4\">\n\t\t\t\t\t\t\t\t<div class=\"card item-1\">\n\t\t\t\t\t\t\t\t\t<div class=\"card-number\">1<\/div>\n\t\t\t\t\t\t\t\t\t<div class=\"item-title\">registrarse<\/div>\n\t\t\t\t\t\t\t\t\t<div class=\"story-content\"> S\u00f3lo necesita su nombre, direcci\u00f3n postal y direcci\u00f3n de correo electr\u00f3nico. <\/div>\n\t\t\t\t\t\t\t\t<\/div>\n\t\t\t\t\t\t\t<\/div> <div class=\"col-md-4\">\n\t\t\t\t\t\t\t\t<div class=\"card item-2\">\n\t\t\t\t\t\t\t\t\t<div class=\"card-number\">2<\/div>\n\t\t\t\t\t\t\t\t\t<div class=\"item-title\">participar<\/div>\n\t\t\t\t\t\t\t\t\t<div class=\"story-content\"> Enviar o recibir cartas de prueba. Introduzca sus datos en l\u00ednea o a trav\u00e9s de la aplicaci\u00f3n. <\/div>\n\t\t\t\t\t\t\t\t<\/div>\n\t\t\t\t\t\t\t<\/div> <div class=\"col-md-4\">\n\t\t\t\t\t\t\t\t<div class=\"card item-3\">\n\t\t\t\t\t\t\t\t\t<div class=\"card-number\">3<\/div>\n\t\t\t\t\t\t\t\t\t<div class=\"item-title\">su bonificaci\u00f3n<\/div>\n\t\t\t\t\t\t\t\t\t<div class=\"story-content\"> Transferencia mensual de PayPal, tarjeta de regalo de Amazon o donaci\u00f3n a MSF. Alternativas en pa\u00edses donde estos servicios no est\u00e1n disponibles. <\/div>\n\t\t\t\t\t\t\t\t<\/div>\n\t\t\t\t\t\t\t<\/div>             <\/div>\r\n        <\/div> <!-- .row #content-row -->\r\n        <div class=\"row btn-row\">\r\n            <a href=#register-form class=\"btn btn-cta big-btn\" role=\"button\">Reg\u00edstrese ahora<\/a>\r\n        <\/div> <!-- .row -->\r\n\t<\/div>\r\n\t \t<!-- load additional specific css -->\r\n  <link rel=\"stylesheet\" href=\"https:\/\/quotas.de\/en\/wp-content\/plugins\/quotas-story\/modules\/..\/assets\/css\/jquery.modal.css\">\r\n  <link rel=\"stylesheet\" href=\"https:\/\/quotas.de\/en\/wp-content\/plugins\/quotas-story\/modules\/..\/assets\/css\/register.css\">\r\n\r\n\t<div class=\"overlay register register1\">\r\n        <div class=\"row content-row\">\r\n            <a name=\"register-form\"><\/a>\r\n            <div class=\"story-title\">\r\n\t\t        \u00a1Aproveche la oportunidad y \u00fanase a nosotros!            <\/div>\r\n             <div class=\"story-content item-1\"> Las tareas no son laboriosas ni complicadas. De hecho, la participaci\u00f3n puede realizarse junto con un trabajo real, sin mucho esfuerzo. <\/div> \t<!-- load additional specific css -->\r\n    <link rel=\"stylesheet\" href=\"https:\/\/quotas.de\/en\/wp-content\/plugins\/quotas-story\/modules\/..\/assets\/css\/form.css\">\r\n\r\n\t<form action=\"#\" id=\"register-form\">\r\n\r\n\t\t <div class=\"form-group\">\n    \t\t\t\t\t<input type=\"text\"\n\t                        class=\"form-control\"\n\t                        id=\"surname\"\n\t                        name=\"surname\"\n\t                        placeholder=\"nombre\"\n\t                        min=\"\"\n    \t\t\t\t    >\n  \t\t\t\t\t  <\/div>\n  \t\t\t\t\t  <div class=\"input-error-msg\" id=\"surname-err\"><\/div> <div class=\"form-group\">\n    \t\t\t\t\t<input type=\"text\"\n\t                        class=\"form-control\"\n\t                        id=\"lastname\"\n\t                        name=\"lastname\"\n\t                        placeholder=\"apellido\"\n\t                        min=\"\"\n    \t\t\t\t    >\n  \t\t\t\t\t  <\/div>\n  \t\t\t\t\t  <div class=\"input-error-msg\" id=\"lastname-err\"><\/div> <div class=\"form-group\">\n    \t\t\t\t\t<input type=\"email\"\n\t                        class=\"form-control\"\n\t                        id=\"email\"\n\t                        name=\"email\"\n\t                        placeholder=\"direcci\u00f3n de correo electr\u00f3nico\"\n\t                        min=\"\"\n    \t\t\t\t    >\n  \t\t\t\t\t  <\/div>\n  \t\t\t\t\t  <div class=\"input-error-msg\" id=\"email-err\"><\/div> <div class=\"form-group\">\n    \t\t\t\t\t<input type=\"hidden\"\n\t                        class=\"form-control\"\n\t                        id=\"survey\"\n\t                        name=\"survey\"\n\t                        placeholder=\"GMS 1001\"\n\t                        min=\"\"\n    \t\t\t\t    >\n  \t\t\t\t\t  <\/div>\n  \t\t\t\t\t  <div class=\"input-error-msg\" id=\"survey-err\"><\/div> <div class=\"form-group\">\n    \t\t\t\t\t<input type=\"hidden\"\n\t                        class=\"form-control\"\n\t                        id=\"source\"\n\t                        name=\"source\"\n\t                        placeholder=\"en\"\n\t                        min=\"\"\n    \t\t\t\t    >\n  \t\t\t\t\t  <\/div>\n  \t\t\t\t\t  <div class=\"input-error-msg\" id=\"source-err\"><\/div> <div class=\"form-group\">\n    \t\t\t\t\t<input type=\"hidden\"\n\t                        class=\"form-control\"\n\t                        id=\"lang\"\n\t                        name=\"lang\"\n\t                        placeholder=\"es\"\n\t                        min=\"\"\n    \t\t\t\t    >\n  \t\t\t\t\t  <\/div>\n  \t\t\t\t\t  <div class=\"input-error-msg\" id=\"lang-err\"><\/div> <a style=\"color: white;text-decoration: none\" href=\"https:\/\/quotas.de\/en\/privacy-policy-quotas-gmbh\/\"><span style=\"color: white\">Pol\u00edtica de privacidad (en ingl\u00e9s) \r\n        <button type=\"submit\" class=\"btn btn-default\" id=\"submit-field\" formnovalidate=\"formnovalidate\">empezar<\/button>\r\n    <\/form>\r\n\r\n\t         <\/div> <!-- .row #content-row -->\r\n\t<\/div>\r\n\r\n<script> var surveyFromURL = \"\"; <\/script>\r\n\r\n\t \t<!-- load additional specific css -->\r\n\t<link rel=\"stylesheet\" href=\"https:\/\/quotas.de\/en\/wp-content\/plugins\/quotas-story\/modules\/..\/assets\/css\/about.css\">\r\n\r\n\t<div class=\"overlay about\">\r\n        <div class=\"row content-row\">\r\n            <div class=\"story-title\">\r\n\t\t        acerca de Quotas            <\/div>\r\n             <div class=\"story-content item-1\"> Quotas es una empresa con sede en Hamburgo, Alemania. En primer lugar, el objetivo de nuestra investigaci\u00f3n cualitativa es ayudar a los operadores postales a medir y a mejorar la calidad de sus servicios. El rendimiento de sus prestaciones se mide seg\u00fan las normas internacionales. Por esta raz\u00f3n, monitorizamos cuidadosamente el tiempo de entrega de su correo. Asimismo, la experiencia, los diagn\u00f3sticos precisos y la fiabilidad de los resultados constituyen la esencia de nuestro trabajo. <\/div>         <\/div> <!-- .row #content-row -->\r\n        <div class=\"row story-content btn-row\">\r\n            <a href=https:\/\/quotas.de\/en class=\"btn btn-cta big-btn\" role=\"button\">m\u00e1s informaci\u00f3n (en ingl\u00e9s)<\/a>\r\n        <\/div> <!-- .row .btn-row -->\r\n\t<\/div>\r\n\t \t<!-- load additional specific css -->\r\n\t<link rel=\"stylesheet\" href=\"https:\/\/quotas.de\/en\/wp-content\/plugins\/quotas-story\/modules\/..\/assets\/css\/engagement.css\">\r\n\r\n\t<div class=\"overlay engagement\">\r\n        <div class=\"row content-row\">\r\n            <div class=\"story-title\">\r\n\t\t                    <\/div>\r\n             <div class=\"story-content item-1\"> Estamos encantados de apoyar: <\/div> <div class=\"eng-logo\" id=\"logo-1\"><img loading=\"lazy\" decoding=\"async\" src=\"https:\/\/quotas.de\/wp-content\/uploads\/esomar.jpg\" width=\"256\" height=\"198\" alt=\"logo\"><\/div> <div class=\"eng-logo\" id=\"logo-2\"><img loading=\"lazy\" decoding=\"async\" src=\"https:\/\/quotas.de\/wp-content\/uploads\/msfeng.jpg\" width=\"256\" height=\"198\" alt=\"logo\"><\/div> <div class=\"eng-logo\" id=\"logo-3\"><img loading=\"lazy\" decoding=\"async\" src=\"https:\/\/quotas.de\/wp-content\/uploads\/partnerluftmobil.jpg\" width=\"256\" height=\"198\" alt=\"logo\"><\/div>         <\/div> <!-- .row #content-row -->\r\n\t<\/div>\r\n    <div class=\"clearfix\"><\/div>\r\n\t <!-- \/wp:post-content -->\r\n\r\n<!-- wp:shortcode --> \t<!-- load additional specific css -->\r\n\t<link rel=\"stylesheet\" href=\"https:\/\/quotas.de\/en\/wp-content\/plugins\/quotas-story\/modules\/..\/assets\/css\/footer.css\">\r\n\r\n\t<div class=\"overlay footer\">\r\n        <div class=\"row content-row\">\r\n            <div class=\"story-title\">\r\n\t\t        Si tiene alguna pregunta, no dude en ponerse en contacto con nosotros            <\/div>\r\n            <div id=\"mail-logo\"><img decoding=\"async\" src=\"https:\/\/quotas.de\/en\/wp-content\/plugins\/quotas-story\/modules\/..\/assets\/images\/mail.svg\" alt=\"Mail-Logo\"><\/div>\r\n            <div class=\"email\">\r\n                E-Mail:\r\n   \t\t         <a href=\"mailto:panel@quotas.de\">panel@quotas.de<\/a>\r\n            <\/div>\r\n            <div class=\"social-logos\" style=\"display: none;\">\r\n                <a href=\"https:\/\/twitter.com\/BeautifulStamps\" target=\"_self\">\r\n                    <img decoding=\"async\" src=\"https:\/\/quotas.de\/en\/wp-content\/plugins\/quotas-story\/modules\/..\/assets\/images\/twitter.svg\" alt=\"twitter\">\r\n                <\/a>\r\n                <a href=\"https:\/\/www.facebook.com\/Quotas.GmbH\" target=\"_self\">\r\n                    <img decoding=\"async\" src=\"https:\/\/quotas.de\/en\/wp-content\/plugins\/quotas-story\/modules\/..\/assets\/images\/facebook.svg\" alt=\"facebook\">\r\n                <\/a>\r\n                <a href=\"https:\/\/www.xing.com\/companies\/quotasgmbh\" target=\"_self\">\r\n                    <img decoding=\"async\" src=\"https:\/\/quotas.de\/en\/wp-content\/plugins\/quotas-story\/modules\/..\/assets\/images\/xing.svg\" alt=\"xing\">\r\n                <\/a>\r\n                <a href=\"https:\/\/www.linkedin.com\/company\/quotas-gmbh\" target=\"_self\">\r\n                    <img decoding=\"async\" src=\"https:\/\/quotas.de\/en\/wp-content\/plugins\/quotas-story\/modules\/..\/assets\/images\/linkedin.svg\" alt=\"linkedin\">\r\n                <\/a>\r\n            <\/div>\r\n            <div class=\"links\">\r\n                 <a href=\"https:\/\/quotas.de\/en\/imprint\">Avisos legales<\/a> <a href=\"https:\/\/quotas.de\/en\/privacy-policy-quotas-gmbh\">Pol\u00edtica de privacidad<\/a>             <\/div>\r\n        <\/div> <!-- .row #content-row -->\r\n\t<\/div>\r\n\t <\/span><\/a><\/p>","protected":false},"excerpt":{"rendered":"","protected":false},"author":4,"featured_media":0,"parent":0,"menu_order":0,"comment_status":"closed","ping_status":"closed","template":"template-story.php","meta":{"footnotes":""},"categories":[349],"tags":[354,140],"class_list":["post-2808","page","type-page","status-publish","hentry","category-landing-page","tag-doi","tag-gms-1001"],"aioseo_notices":[],"_links":{"self":[{"href":"https:\/\/quotas.de\/en\/wp-json\/wp\/v2\/pages\/2808","targetHints":{"allow":["GET"]}}],"collection":[{"href":"https:\/\/quotas.de\/en\/wp-json\/wp\/v2\/pages"}],"about":[{"href":"https:\/\/quotas.de\/en\/wp-json\/wp\/v2\/types\/page"}],"author":[{"embeddable":true,"href":"https:\/\/quotas.de\/en\/wp-json\/wp\/v2\/users\/4"}],"replies":[{"embeddable":true,"href":"https:\/\/quotas.de\/en\/wp-json\/wp\/v2\/comments?post=2808"}],"version-history":[{"count":46,"href":"https:\/\/quotas.de\/en\/wp-json\/wp\/v2\/pages\/2808\/revisions"}],"predecessor-version":[{"id":5821,"href":"https:\/\/quotas.de\/en\/wp-json\/wp\/v2\/pages\/2808\/revisions\/5821"}],"wp:attachment":[{"href":"https:\/\/quotas.de\/en\/wp-json\/wp\/v2\/media?parent=2808"}],"wp:term":[{"taxonomy":"category","embeddable":true,"href":"https:\/\/quotas.de\/en\/wp-json\/wp\/v2\/categories?post=2808"},{"taxonomy":"post_tag","embeddable":true,"href":"https:\/\/quotas.de\/en\/wp-json\/wp\/v2\/tags?post=2808"}],"curies":[{"name":"wp","href":"https:\/\/api.w.org\/{rel}","templated":true}]}}