{"id":2067,"date":"2017-04-27T16:44:02","date_gmt":"2017-04-27T14:44:02","guid":{"rendered":"https:\/\/quotas.de\/en\/?page_id=2067"},"modified":"2023-08-18T16:52:35","modified_gmt":"2023-08-18T14:52:35","slug":"gagner-de-l-argent-grace-aux-lettres-de-test-1001","status":"publish","type":"page","link":"https:\/\/quotas.de\/en\/gagner-de-l-argent-grace-aux-lettres-de-test-1001\/","title":{"rendered":"Observez la vitesse de votre courrier"},"content":{"rendered":"<h2 style=\"text-align: left\"><img loading=\"lazy\" decoding=\"async\" class=\"alignnone size-medium wp-image-5353\" src=\"https:\/\/quotas.de\/en\/wp-content\/uploads\/sites\/2\/2023\/08\/Congo_flore_tropicale_timbres-300x225.jpg\" alt=\"\" width=\"300\" height=\"225\" srcset=\"https:\/\/quotas.de\/en\/wp-content\/uploads\/sites\/2\/2023\/08\/Congo_flore_tropicale_timbres-300x225.jpg 300w, https:\/\/quotas.de\/en\/wp-content\/uploads\/sites\/2\/2023\/08\/Congo_flore_tropicale_timbres-768x576.jpg 768w, https:\/\/quotas.de\/en\/wp-content\/uploads\/sites\/2\/2023\/08\/Congo_flore_tropicale_timbres.jpg 1024w\" sizes=\"auto, (max-width: 300px) 100vw, 300px\" \/><\/h2>\n<h2 style=\"text-align: center\"><strong>Aidez-nous \u00e0 observer la vitesse de votre courrier et contribuez \u00e0 am\u00e9liorer le service postal. Participez \u00e0 notre enqu\u00eate postale et gagnez de l\u2019argent !<\/strong><\/h2>\n<p style=\"text-align: center\">Soyez le\/la bienvenu\/e sur notre site web de <a href=\"https:\/\/quotas.de\/en\/about-quotas\/\"><strong>Quotas<\/strong><\/a>. Quotas GmbH (SARL) est un cabinet externe situ\u00e9 \u00e0 Hambourg en Allemagne, sp\u00e9cialis\u00e9 dans les mesures postales, c&#8217;est-\u00e0-dire que nous observons le temps d&#8217;acheminement de votre courrier.<\/p>\n<p style=\"text-align: center\">Afin de <strong>participer \u00e0 notre \u00e9tude postale<\/strong>, veuillez s\u2019il vous pla\u00eet <strong>cliquer sur le bouton ci-dessous<\/strong> et <strong>vous inscrire<\/strong> sur notre site web (code d\u2019\u00e9tude : GMS 1001). Pour toute question suppl\u00e9mentaire, n\u2019h\u00e9sitez pas \u00e0 nous envoyer un message \u00e0 <a href=\"mailto:panel@quotas.de\"><strong>panel@quotas.de<\/strong><\/a>. Nous nous tiendrons volontiers \u00e0 votre disposition.<\/p>\n<p style=\"text-align: center\"><a class=\"cta-button\" href=\"https:\/\/quotas-umfrage.de\/181794?lang=fr&amp;survey=GMS%201001\" target=\"_blank\" rel=\"noopener\"><b class=\"b3\">Inscrivez-<\/b><b class=\"b4\">vou<\/b><b class=\"b5\">s maintenant<\/b><\/a><\/p>\n<h3>Qui cherchons-nous pour notre \u00e9tude ?<\/h3>\n<p>En g\u00e9n\u00e9ral, nous sommes constamment \u00e0 la recherche de nouveaux participants dans le monde entier. Les conditions principales pour participer \u00e0 l\u2019une de nos \u00e9tudes postales sont :<\/p>\n<ul>\n<li>avoir acc\u00e8s \u00e0 internet,<\/li>\n<li>avoir la possibilit\u00e9 de relever le courrier tous les jours possibles de livraison,<\/li>\n<li>avoir une adresse BP, un casier abonn\u00e9 chez un bureau de poste (en Afrique subsaharienne et au Moyen-Orient) ou une adresse de domicile priv\u00e9 (en Europe, au Maghreb ou en Am\u00e9rique), \u00e0 laquelle vous recevrez vos lettres test.<\/li>\n<\/ul>\n<p><img loading=\"lazy\" decoding=\"async\" class=\"alignnone size-medium wp-image-5355\" src=\"https:\/\/quotas.de\/en\/wp-content\/uploads\/sites\/2\/2023\/08\/Malgache_papillons_timbres-300x201.jpg\" alt=\"\" width=\"300\" height=\"201\" srcset=\"https:\/\/quotas.de\/en\/wp-content\/uploads\/sites\/2\/2023\/08\/Malgache_papillons_timbres-300x201.jpg 300w, https:\/\/quotas.de\/en\/wp-content\/uploads\/sites\/2\/2023\/08\/Malgache_papillons_timbres-768x514.jpg 768w, https:\/\/quotas.de\/en\/wp-content\/uploads\/sites\/2\/2023\/08\/Malgache_papillons_timbres.jpg 1024w\" sizes=\"auto, (max-width: 300px) 100vw, 300px\" \/><\/p>\n<h3>Quelles sont les r\u00e9compenses offertes ?<\/h3>\n<p>En r\u00e9compense de votre participation, nous vous offrirons un petit bonus mensuel. Vous pouvez choisir entre :<\/p>\n<ul>\n<li>un bon d\u2019achat \u00e0 faire valoir sur <strong>Amazon<\/strong>,<\/li>\n<li>un virement sur votre compte en ligne chez <strong>PayPal<\/strong> ou <strong>Skrill<\/strong>,<\/li>\n<li>faire un don \u00e0 l&#8217;organisation humanitaire m\u00e9dicale internationale <strong>M\u00e9decins sans fronti\u00e8res<\/strong>&#8230;<\/li>\n<\/ul>\n<p>&#8230;et plus encore. Les options concr\u00e8tes d\u00e9pendent du pays dans lequel vous vivez.<\/p>\n<p>&nbsp;<\/p>\n<p style=\"text-align: center\"><strong>Toute participation est enti\u00e8rement gratuite. Sans avoir besoin d&#8217;y consacrer quotidiennement beaucoup de temps, vous perceverez facilement un bonus r\u00e9gulier. Si vous souhaitez contribuer \u00e0 ce projet gratifiant, nous vous invitons \u00e0 vous inscrire ci-dessous<\/strong><strong> (code d\u2019\u00e9tude : GMS 1001). <\/strong><\/p>\n<p style=\"text-align: center\">N\u2019h\u00e9sitez pas \u00e0 revenir vers nous par courriel si vous avez des questions : <a href=\"mailto:panel@quotas.de\"><strong>panel@quotas.de<\/strong><\/a>. Nous serons ravis de votre coop\u00e9ration !<\/p>\n<p style=\"text-align: center\"><a class=\"cta-button\" href=\"https:\/\/quotas-umfrage.de\/181794?lang=fr&amp;survey=GMS%201001\" target=\"_blank\" rel=\"noopener\"><b class=\"b3\">Inscrivez-<\/b><b class=\"b4\">vou<\/b><b class=\"b5\">s maintenant<\/b><\/a><\/p>\n<p><em>Protection des donn\u00e9es :<\/em> <em>Nous tenons \u00e0 vous informer que vos donn\u00e9es personnelles sont prot\u00e9g\u00e9es contre tout abus, conform\u00e9ment aux dispositions mises en vigueur par l\u2019ESOMAR (European Society for Opinion and Marketing Research). Il va de soi que nous utilisons vos donn\u00e9es personnelles exclusivement \u00e0 des fins d\u2019\u00e9tudes et que nous ne les transmettons jamais \u00e0 des tiers.<\/em><\/p>\n","protected":false},"excerpt":{"rendered":"<p>Aidez-nous \u00e0 observer la vitesse de votre courrier et contribuez \u00e0 am\u00e9liorer le service postal. Participez \u00e0 notre enqu\u00eate postale et gagnez de l\u2019argent !<\/p>\n","protected":false},"author":4,"featured_media":0,"parent":0,"menu_order":0,"comment_status":"closed","ping_status":"closed","template":"template-one-column.php","meta":{"footnotes":""},"categories":[124],"tags":[140],"class_list":["post-2067","page","type-page","status-publish","hentry","category-opportunities","tag-gms-1001"],"aioseo_notices":[],"_links":{"self":[{"href":"https:\/\/quotas.de\/en\/wp-json\/wp\/v2\/pages\/2067","targetHints":{"allow":["GET"]}}],"collection":[{"href":"https:\/\/quotas.de\/en\/wp-json\/wp\/v2\/pages"}],"about":[{"href":"https:\/\/quotas.de\/en\/wp-json\/wp\/v2\/types\/page"}],"author":[{"embeddable":true,"href":"https:\/\/quotas.de\/en\/wp-json\/wp\/v2\/users\/4"}],"replies":[{"embeddable":true,"href":"https:\/\/quotas.de\/en\/wp-json\/wp\/v2\/comments?post=2067"}],"version-history":[{"count":6,"href":"https:\/\/quotas.de\/en\/wp-json\/wp\/v2\/pages\/2067\/revisions"}],"predecessor-version":[{"id":5898,"href":"https:\/\/quotas.de\/en\/wp-json\/wp\/v2\/pages\/2067\/revisions\/5898"}],"wp:attachment":[{"href":"https:\/\/quotas.de\/en\/wp-json\/wp\/v2\/media?parent=2067"}],"wp:term":[{"taxonomy":"category","embeddable":true,"href":"https:\/\/quotas.de\/en\/wp-json\/wp\/v2\/categories?post=2067"},{"taxonomy":"post_tag","embeddable":true,"href":"https:\/\/quotas.de\/en\/wp-json\/wp\/v2\/tags?post=2067"}],"curies":[{"name":"wp","href":"https:\/\/api.w.org\/{rel}","templated":true}]}}