{"id":2064,"date":"2017-04-27T16:39:18","date_gmt":"2017-04-27T14:39:18","guid":{"rendered":"https:\/\/quotas.de\/en\/?page_id=2064"},"modified":"2025-06-20T10:55:11","modified_gmt":"2025-06-20T08:55:11","slug":"gagner-de-l-argent-grace-aux-lettres-de-test-1301","status":"publish","type":"page","link":"https:\/\/quotas.de\/en\/gagner-de-l-argent-grace-aux-lettres-de-test-1301\/","title":{"rendered":"Observez la vitesse de votre courrier"},"content":{"rendered":"<!-- load additional specific css -->\n<link rel=\"stylesheet\" href=\"https:\/\/quotas.de\/en\/wp-content\/plugins\/quotas-story\/modules\/landing-page-modules\/..\/..\/assets\/css\/hero.css\">\n<link rel=\"stylesheet\" href=\"https:\/\/quotas.de\/en\/wp-content\/plugins\/quotas-story\/modules\/landing-page-modules\/css\/firmen.css\">\n\n<div class=\"overlay hero landing-page firmen\">\n\n    <div class=\"top-row\">\n    <\/div> <!-- .row -->\n\n    <div class=\"opaque-bg col-md-offset-1 col-md-12\">\n        <div class=\"q-logo wide-screen\"><a href=\"https:\/\/quotas.de\"><img decoding=\"async\" src=\"https:\/\/quotas.de\/en\/wp-content\/plugins\/quotas-story\/modules\/landing-page-modules\/images\/q-logo-grey.png\" alt=\"Quotas-Logo\"><\/a><\/div>\n        <div class=\"q-logo mobile\"><a href=\"https:\/\/quotas.de\"><img decoding=\"async\" src=\"https:\/\/quotas.de\/en\/wp-content\/plugins\/quotas-story\/modules\/landing-page-modules\/..\/..\/assets\/images\/q-logo-mobile.svg\" alt=\"Quotas-Logo\"><\/a><\/div>\n\n        <div class=\"row\" id=\"title-row\">\n            <div class=\"story-title\">\n                Participez \u00e0 notre enqu\u00eate, profitez d'un bonus mensuel et contribuez \u00e0 am\u00e9liorer le service postal !            <\/div>\n        <\/div> <!-- .row #title-row -->\n\n        <div class=\"row content-row\">\n             <div class=\"story-content item-1\"><\/div>             <div class=\"story-content\">\n                <a href=#register-form class=\"btn btn-cta big-btn pull-left\" role=\"button\">Inscrivez-vous maintenant<\/a>\n            <\/div> <!-- .row -->\n        <\/div> <!-- .row #content-row -->\n\n    <\/div> <!-- .opaque-bg -->\n    <div class=\"row btn-row\">\n        <div class=\"-align-center\">\n<!--\n            <a href=\"#register-form\" class=\"btn btn-cta small-btn\" role=\"button\">s\u2018inscrire<\/a>\n-->\n        <\/div>\n    <\/div>\n\n<\/div> <!-- .overlay .hero -->\n \t<!-- load additional specific css -->\r\n\t<link rel=\"stylesheet\" href=\"https:\/\/quotas.de\/en\/wp-content\/plugins\/quotas-story\/modules\/..\/assets\/css\/basic.css\">\r\n\r\n\t<div class=\"overlay basic\">\r\n        <div class=\"row content-row\">\r\n            <div class=\"story-title\">\r\n\t\t        De quoi s\u2019agit-il ?            <\/div>\r\n\r\n             <div class=\"story-content item-1\"> Combien de jours s&#8217;\u00e9coulent-t-ils entre l&#8217;envoi et la r\u00e9ception d&#8217;une lettre envoy\u00e9e \u00e0 une adresse priv\u00e9e ? Afin de pouvoir r\u00e9pondre \u00e0 cette question, <strong>nous nous r\u00e9jouirions de vous compter parmi nos participants<\/strong>. En g\u00e9n\u00e9ral, notre enqu\u00eate postale \u00e9value le temps d\u2019acheminement des lettres, notamment le temps n\u00e9cessaire \u00e0 votre service postal national pour distribuer vos lettres. Alors, votre t\u00e2che consistera \u00e0 envoyer des lettres test (physiques) ou \u00e0 en recevoir de la part de nos autres participants originaires de divers pays du monde entier.<\/p>\r\n<p><img loading=\"lazy\" decoding=\"async\" class=\"aligncenter wp-image-5351 size-medium\" src=\"https:\/\/quotas.de\/en\/wp-content\/uploads\/sites\/2\/2023\/08\/Cameroun_fruits_timbres-300x200.jpg\" alt=\"timbres du Cameroun, fruits et animaux, papaye, pamplemousse, cobe de buffon\" width=\"300\" height=\"200\" srcset=\"https:\/\/quotas.de\/en\/wp-content\/uploads\/sites\/2\/2023\/08\/Cameroun_fruits_timbres-300x200.jpg 300w, https:\/\/quotas.de\/en\/wp-content\/uploads\/sites\/2\/2023\/08\/Cameroun_fruits_timbres-768x512.jpg 768w, https:\/\/quotas.de\/en\/wp-content\/uploads\/sites\/2\/2023\/08\/Cameroun_fruits_timbres.jpg 1024w\" sizes=\"auto, (max-width: 300px) 100vw, 300px\" \/><\/p>\r\n<h2>Qui peut participer \u00e0 l&#8217;enqu\u00eate postale ?<\/h2>\r\n<ul>\r\n<li>Toute personne qui utilise une bo\u00eete aux lettres personnelle (ou une fente aux lettres) ou un casier de bo\u00eete postale (au bureau de poste) pour recevoir son courrier \u2013 en fonction des exigences r\u00e9clam\u00e9es par la poste de votre pays.<\/li>\r\n<li>Votre facteur \/ agent de poste d\u00e9pose directement votre courrier dans votre bo\u00eete aux lettres personnelle \/ votre casier de bo\u00eete postale.<\/li>\r\n<li>Votre adresse personnelle se trouve dans une r\u00e9gion g\u00e9ographique faisant partie de l\u2018enqu\u00eate.<\/li>\r\n<\/ul>\r\n<a style=\"color: white;text-decoration: none\" href=\"https:\/\/www.quotas-panel.com\/pdf\/UPU-GMS.pdf\"> Cliquez<span style=\"color: white\">ici<\/span>pour lire la lettre de recommendation de notre client.<\/a>\r\n<h2>Pouvez-vous r\u00e9pondre \u00e0 l\u2018affirmatif aux questions suivantes ?<\/h2>\r\n<ul>\r\n<li>J\u2019ai la possibilit\u00e9 d\u2019envoyer ou de recevoir des lettres (physiques) et de relever mon courrier tous les jours possibles de distribution.<\/li>\r\n<li>J\u2019ai acc\u00e8s r\u00e9gulier \u00e0 internet ou \u00e0 un t\u00e9l\u00e9phone portable.<\/li>\r\n<li>Mon travail est fiable.<\/li>\r\n<li>J&#8217;ai juste envie de gagner quelques sous \u00e0 c\u00f4t\u00e9.<\/li>\r\n<li>Ou je connais quelqu\u2019un susceptible d\u2019\u00eatre interess\u00e9 par cette t\u00e2che.<\/li>\r\n<\/ul>\r\n<\/div> \r\n        <\/div> <!-- .row #content-row -->\r\n        <div class=\"row btn-row\">\r\n            <a href=#register-form class=\"btn btn-cta big-btn\" role=\"button\">Inscrivez-vous maintenant<\/a>\r\n        <\/div> <!-- .row .btn-row -->\r\n    <\/div> <!-- .overlay -->\r\n\t \t<!-- load additional specific css -->\r\n\t<link rel=\"stylesheet\" href=\"https:\/\/quotas.de\/en\/wp-content\/plugins\/quotas-story\/modules\/..\/assets\/css\/process.css\">\r\n\r\n\t<div class=\"overlay process\">\r\n        <div class=\"row top-row\">\r\n        <\/div> <!-- .row -->\r\n        <div class=\"row content-row\">\r\n            <div>\r\n                <div class=\"story-title\">\r\n\t\t            Comment cela fonctionne                <\/div>\r\n\t             <div class=\"col-md-4\">\n\t\t\t\t\t\t\t\t<div class=\"card item-1\">\n\t\t\t\t\t\t\t\t\t<div class=\"card-number\">1<\/div>\n\t\t\t\t\t\t\t\t\t<div class=\"item-title\">s'inscrire<\/div>\n\t\t\t\t\t\t\t\t\t<div class=\"story-content\">Il ne vous faut que votre nom, votre adresse postale et l&#8217;adresse mail. <\/div>\n\t\t\t\t\t\t\t\t<\/div>\n\t\t\t\t\t\t\t<\/div> <div class=\"col-md-4\">\n\t\t\t\t\t\t\t\t<div class=\"card item-2\">\n\t\t\t\t\t\t\t\t\t<div class=\"card-number\">2<\/div>\n\t\t\t\t\t\t\t\t\t<div class=\"item-title\">participer<\/div>\n\t\t\t\t\t\t\t\t\t<div class=\"story-content\">Envoyer ou recevoir des lettres test. Saisie des donn\u00e9es en ligne ou via l\u2018application.<\/div>\n\t\t\t\t\t\t\t\t<\/div>\n\t\t\t\t\t\t\t<\/div> <div class=\"col-md-4\">\n\t\t\t\t\t\t\t\t<div class=\"card item-3\">\n\t\t\t\t\t\t\t\t\t<div class=\"card-number\">3<\/div>\n\t\t\t\t\t\t\t\t\t<div class=\"item-title\">votre bonus<\/div>\n\t\t\t\t\t\t\t\t\t<div class=\"story-content\"> R\u00e9mun\u00e9ration mensuelle : virement PayPal, carte cadeau Amazon ou don msf. Alternatives dans les pays o\u00f9 ces services-l\u00e0 font d\u00e9faut. <\/div>\n\t\t\t\t\t\t\t\t<\/div>\n\t\t\t\t\t\t\t<\/div>             <\/div>\r\n        <\/div> <!-- .row #content-row -->\r\n        <div class=\"row btn-row\">\r\n            <a href=#register-form class=\"btn btn-cta big-btn\" role=\"button\">Inscrivez-vous maintenant<\/a>\r\n        <\/div> <!-- .row -->\r\n\t<\/div>\r\n\t \t<!-- load additional specific css -->\r\n  <link rel=\"stylesheet\" href=\"https:\/\/quotas.de\/en\/wp-content\/plugins\/quotas-story\/modules\/..\/assets\/css\/jquery.modal.css\">\r\n  <link rel=\"stylesheet\" href=\"https:\/\/quotas.de\/en\/wp-content\/plugins\/quotas-story\/modules\/..\/assets\/css\/register.css\">\r\n\r\n\t<div class=\"overlay register register1\">\r\n        <div class=\"row content-row\">\r\n            <a name=\"register-form\"><\/a>\r\n            <div class=\"story-title\">\r\n\t\t        Saisissez l'occasion et rejoignez-nous !            <\/div>\r\n             <div class=\"story-content item-1\"> Les t\u00e2ches ne sont ni laborieuses ni compliqu\u00e9es, la participation peut se faire \u00e0 c\u00f4t\u00e9 d\u2019un v\u00e9ritable travail, sans beaucoup d&#8217;effort.<\/div> \t<!-- load additional specific css -->\r\n    <link rel=\"stylesheet\" href=\"https:\/\/quotas.de\/en\/wp-content\/plugins\/quotas-story\/modules\/..\/assets\/css\/form.css\">\r\n\r\n\t<form action=\"#\" id=\"register-form\">\r\n\r\n\t\t <div class=\"form-group\">\n    \t\t\t\t\t<input type=\"text\"\n\t                        class=\"form-control\"\n\t                        id=\"surname\"\n\t                        name=\"surname\"\n\t                        placeholder=\"pr\u00e9nom\"\n\t                        min=\"\"\n    \t\t\t\t    >\n  \t\t\t\t\t  <\/div>\n  \t\t\t\t\t  <div class=\"input-error-msg\" id=\"surname-err\"><\/div> <div class=\"form-group\">\n    \t\t\t\t\t<input type=\"text\"\n\t                        class=\"form-control\"\n\t                        id=\"lastname\"\n\t                        name=\"lastname\"\n\t                        placeholder=\"nom de famille\"\n\t                        min=\"\"\n    \t\t\t\t    >\n  \t\t\t\t\t  <\/div>\n  \t\t\t\t\t  <div class=\"input-error-msg\" id=\"lastname-err\"><\/div> <div class=\"form-group\">\n    \t\t\t\t\t<input type=\"email\"\n\t                        class=\"form-control\"\n\t                        id=\"email\"\n\t                        name=\"email\"\n\t                        placeholder=\"adresse mail\"\n\t                        min=\"\"\n    \t\t\t\t    >\n  \t\t\t\t\t  <\/div>\n  \t\t\t\t\t  <div class=\"input-error-msg\" id=\"email-err\"><\/div> <div class=\"form-group\">\n    \t\t\t\t\t<input type=\"hidden\"\n\t                        class=\"form-control\"\n\t                        id=\"survey\"\n\t                        name=\"survey\"\n\t                        placeholder=\"GMS 1301\"\n\t                        min=\"\"\n    \t\t\t\t    >\n  \t\t\t\t\t  <\/div>\n  \t\t\t\t\t  <div class=\"input-error-msg\" id=\"survey-err\"><\/div> <div class=\"form-group\">\n    \t\t\t\t\t<input type=\"hidden\"\n\t                        class=\"form-control\"\n\t                        id=\"source\"\n\t                        name=\"source\"\n\t                        placeholder=\"en\"\n\t                        min=\"\"\n    \t\t\t\t    >\n  \t\t\t\t\t  <\/div>\n  \t\t\t\t\t  <div class=\"input-error-msg\" id=\"source-err\"><\/div> <div class=\"form-group\">\n    \t\t\t\t\t<input type=\"hidden\"\n\t                        class=\"form-control\"\n\t                        id=\"lang\"\n\t                        name=\"lang\"\n\t                        placeholder=\"fr\"\n\t                        min=\"\"\n    \t\t\t\t    >\n  \t\t\t\t\t  <\/div>\n  \t\t\t\t\t  <div class=\"input-error-msg\" id=\"lang-err\"><\/div> Charte de confidentialit\u00e9 (en anglais) \r\n        <button type=\"submit\" class=\"btn btn-default\" id=\"submit-field\" formnovalidate=\"formnovalidate\">d\u00e9marrer<\/button>\r\n    <\/form>\r\n\r\n\t         <\/div> <!-- .row #content-row -->\r\n\t<\/div>\r\n\r\n<script> var surveyFromURL = \"\"; <\/script>\r\n\r\n\t \t<!-- load additional specific css -->\r\n\t<link rel=\"stylesheet\" href=\"https:\/\/quotas.de\/en\/wp-content\/plugins\/quotas-story\/modules\/..\/assets\/css\/about.css\">\r\n\r\n\t<div class=\"overlay about\">\r\n        <div class=\"row content-row\">\r\n            <div class=\"story-title\">\r\n\t\t        A propos de Quotas            <\/div>\r\n             <div class=\"story-content item-1\"> Quotas est un cabinet ind\u00e9pendant, situ\u00e9 \u00e0 Hambourg en Allemagne. Sp\u00e9cialis\u00e9 dans les \u00e9tudes qualitatives du march\u00e9 postal, nous observons le temps d&#8217;acheminement de votre courrier. L&#8217;objectif de nos recherches est d&#8217;aider les op\u00e9rateurs postaux \u00e0 contr\u00f4ler et \u00e0 am\u00e9liorer la qualit\u00e9 des services qu&#8217;ils vous rendent. Leur performance est mesur\u00e9e selon les normes internationales. L&#8217;expertise, l\u2018\u00e9valuation pr\u00e9cise et de fiables r\u00e9sultats sont au c\u0153ur de notre travail. <\/div>         <\/div> <!-- .row #content-row -->\r\n        <div class=\"row story-content btn-row\">\r\n            <a href=https:\/\/quotas.de\/en class=\"btn btn-cta big-btn\" role=\"button\">en savoir plus (en anglais)<\/a>\r\n        <\/div> <!-- .row .btn-row -->\r\n\t<\/div>\r\n\t \t<!-- load additional specific css -->\r\n\t<link rel=\"stylesheet\" href=\"https:\/\/quotas.de\/en\/wp-content\/plugins\/quotas-story\/modules\/..\/assets\/css\/engagement.css\">\r\n\r\n\t<div class=\"overlay engagement\">\r\n        <div class=\"row content-row\">\r\n            <div class=\"story-title\">\r\n\t\t                    <\/div>\r\n             <div class=\"story-content item-1\">Nous sommes heureux de soutenir :<\/div> <div class=\"eng-logo\" id=\"logo-1\"><img loading=\"lazy\" decoding=\"async\" src=\"https:\/\/quotas.de\/wp-content\/uploads\/esomar.jpg\" width=\"256\" height=\"198\" alt=\"logo\"><\/div> <div class=\"eng-logo\" id=\"logo-2\"><img loading=\"lazy\" decoding=\"async\" src=\"https:\/\/quotas.de\/wp-content\/uploads\/msfeng.jpg\" width=\"256\" height=\"198\" alt=\"logo\"><\/div> <div class=\"eng-logo\" id=\"logo-3\"><img loading=\"lazy\" decoding=\"async\" src=\"https:\/\/quotas.de\/wp-content\/uploads\/partnerluftmobil.jpg\" width=\"256\" height=\"198\" alt=\"logo\"><\/div>         <\/div> <!-- .row #content-row -->\r\n\t<\/div>\r\n    <div class=\"clearfix\"><\/div>\r\n\t\r\n<!-- \/wp:post-content -->\r\n\r\n<!-- wp:shortcode -->\r\n\t<!-- load additional specific css -->\r\n\t<link rel=\"stylesheet\" href=\"https:\/\/quotas.de\/en\/wp-content\/plugins\/quotas-story\/modules\/..\/assets\/css\/footer.css\">\r\n\r\n\t<div class=\"overlay footer\">\r\n        <div class=\"row content-row\">\r\n            <div class=\"story-title\">\r\n\t\t        Si vous avez des questions, n'h\u00e9sitez pas \u00e0 nous contacter.            <\/div>\r\n            <div id=\"mail-logo\"><img decoding=\"async\" src=\"https:\/\/quotas.de\/en\/wp-content\/plugins\/quotas-story\/modules\/..\/assets\/images\/mail.svg\" alt=\"Mail-Logo\"><\/div>\r\n            <div class=\"email\">\r\n                E-Mail:\r\n   \t\t         <a href=\"mailto:panel@quotas.de\">panel@quotas.de<\/a>\r\n            <\/div>\r\n            <div class=\"social-logos\" style=\"display: none;\">\r\n                <a href=\"https:\/\/twitter.com\/BeautifulStamps\" target=\"_self\">\r\n                    <img decoding=\"async\" src=\"https:\/\/quotas.de\/en\/wp-content\/plugins\/quotas-story\/modules\/..\/assets\/images\/twitter.svg\" alt=\"twitter\">\r\n                <\/a>\r\n                <a href=\"https:\/\/www.facebook.com\/Quotas.GmbH\" target=\"_self\">\r\n                    <img decoding=\"async\" src=\"https:\/\/quotas.de\/en\/wp-content\/plugins\/quotas-story\/modules\/..\/assets\/images\/facebook.svg\" alt=\"facebook\">\r\n                <\/a>\r\n                <a href=\"https:\/\/www.xing.com\/companies\/quotasgmbh\" target=\"_self\">\r\n                    <img decoding=\"async\" src=\"https:\/\/quotas.de\/en\/wp-content\/plugins\/quotas-story\/modules\/..\/assets\/images\/xing.svg\" alt=\"xing\">\r\n                <\/a>\r\n                <a href=\"https:\/\/www.linkedin.com\/company\/quotas-gmbh\" target=\"_self\">\r\n                    <img decoding=\"async\" src=\"https:\/\/quotas.de\/en\/wp-content\/plugins\/quotas-story\/modules\/..\/assets\/images\/linkedin.svg\" alt=\"linkedin\">\r\n                <\/a>\r\n            <\/div>\r\n            <div class=\"links\">\r\n                 <a href=\"https:\/\/quotas.de\/en\/imprint\">Mentions l\u00e9gales<\/a> <a href=\"https:\/\/quotas.de\/en\/privacy-policy-quotas-gmbh\">Charte de confidentialit\u00e9<\/a>             <\/div>\r\n        <\/div> <!-- .row #content-row -->\r\n\t<\/div>\r\n\t","protected":false},"excerpt":{"rendered":"<p>Aidez-nous \u00e0 observer la vitesse de votre courrier et contribuez \u00e0 am\u00e9liorer le service postal. Participez \u00e0 notre enqu\u00eate postale et gagnez de l\u2019argent !<\/p>\n","protected":false},"author":4,"featured_media":0,"parent":0,"menu_order":0,"comment_status":"closed","ping_status":"closed","template":"template-story.php","meta":{"footnotes":""},"categories":[349],"tags":[354,137],"class_list":["post-2064","page","type-page","status-publish","hentry","category-landing-page","tag-doi","tag-gms-1301"],"aioseo_notices":[],"_links":{"self":[{"href":"https:\/\/quotas.de\/en\/wp-json\/wp\/v2\/pages\/2064","targetHints":{"allow":["GET"]}}],"collection":[{"href":"https:\/\/quotas.de\/en\/wp-json\/wp\/v2\/pages"}],"about":[{"href":"https:\/\/quotas.de\/en\/wp-json\/wp\/v2\/types\/page"}],"author":[{"embeddable":true,"href":"https:\/\/quotas.de\/en\/wp-json\/wp\/v2\/users\/4"}],"replies":[{"embeddable":true,"href":"https:\/\/quotas.de\/en\/wp-json\/wp\/v2\/comments?post=2064"}],"version-history":[{"count":16,"href":"https:\/\/quotas.de\/en\/wp-json\/wp\/v2\/pages\/2064\/revisions"}],"predecessor-version":[{"id":5822,"href":"https:\/\/quotas.de\/en\/wp-json\/wp\/v2\/pages\/2064\/revisions\/5822"}],"wp:attachment":[{"href":"https:\/\/quotas.de\/en\/wp-json\/wp\/v2\/media?parent=2064"}],"wp:term":[{"taxonomy":"category","embeddable":true,"href":"https:\/\/quotas.de\/en\/wp-json\/wp\/v2\/categories?post=2064"},{"taxonomy":"post_tag","embeddable":true,"href":"https:\/\/quotas.de\/en\/wp-json\/wp\/v2\/tags?post=2064"}],"curies":[{"name":"wp","href":"https:\/\/api.w.org\/{rel}","templated":true}]}}